{"id":11,"date":"2024-05-04T12:26:33","date_gmt":"2024-05-04T10:26:33","guid":{"rendered":"http:\/\/kolleranna.hu\/?page_id=11"},"modified":"2024-05-20T11:20:28","modified_gmt":"2024-05-20T09:20:28","slug":"carbon-peeling","status":"publish","type":"page","link":"https:\/\/kolleranna.hu\/?page_id=11","title":{"rendered":"Carbon peeling"},"content":{"rendered":"\n<p><strong>A carbon peeling<\/strong> (vagy karbon peel, carbon peel, soft peeling) forradalmi l\u00e9zerkezel\u00e9s, mely olyan felsz\u00edni l\u00e9zeres h\u00e1mlaszt\u00f3, p\u00f3rusminimaliz\u00e1l\u00f3, p\u00f3rus\u00f6sszeh\u00faz\u00f3 kezel\u00e9s, ami egyben finom gyullad\u00e1scs\u00f6kkent\u0151 \u00e9s kollag\u00e9nstimul\u00e1l\u00f3 hat\u00e1ssal is b\u00edr. A b\u0151r regener\u00e1l\u00f3d\u00e1si ideje minim\u00e1lis a kezel\u00e9s ut\u00e1n. Kifejezetten hat\u00e9kony zs\u00edros b\u0151r eset\u00e9n, t\u00e1g p\u00f3rusokra. Nagyon j\u00f3 h\u00e1mlaszt\u00f3 kezel\u00e9s, mely eg\u00e9sz \u00e9vben v\u00e9gezhet\u0151. Kezel\u00e9st k\u00f6vet\u0151en a b\u0151r egys\u00e9gesebb, puh\u00e1bb \u00e9s feszesebb lesz.<br>A kezel\u00e9s biztons\u00e1gos \u00e9s f\u00e1jdalommentes. Minden b\u0151rt\u00edpusra aj\u00e1nlott, \u00e9rz\u00e9keny, gyulladt, ekc\u00e9m\u00e1s b\u0151r\u00f6n is alkalmazhat\u00f3.<br>A kezel\u00e9st vadonat\u00faj Q-kapcsolt Nd:YAG l\u00e9zer\u00fcnkkel v\u00e9gezz\u00fck.&nbsp;&nbsp;<\/p>\n\n\n\n<p><strong>Alkalmaz\u00e1si ter\u00fcletek<\/strong><\/p>\n\n\n\n<ul class=\"wp-block-list\">\n<li>Aj\u00e1nlott a napk\u00e1rosodott b\u0151rt\u00edpusok kezel\u00e9s\u00e9re<\/li>\n\n\n\n<li>B\u0151rregener\u00e1l\u00f3, pigmentfolt halv\u00e1ny\u00edt\u00f3<\/li>\n\n\n\n<li>Cs\u00f6kkenti a p\u00f3rusok m\u00e9ret\u00e9t, a b\u0151r tiszt\u00e1bb, egyenletesebb lesz<\/li>\n\n\n\n<li>Kiv\u00e1l\u00f3 a t\u00e1g p\u00f3rus\u00fa, olajos seborre\u00e1s, akn\u00e9s, heges b\u0151rt\u00edpusokra<\/li>\n\n\n\n<li>Rendk\u00edv\u00fcl j\u00f3 faggy\u00fam\u0171k\u00f6d\u00e9s szab\u00e1lyz\u00f3, gyullad\u00e1scs\u00f6kkent\u0151 hat\u00e1ssal b\u00edr<\/li>\n\n\n\n<li>Serkenti a kollag\u00e9n termel\u0151d\u00e9st, rejuven\u00e1ci\u00f3s hat\u00e1s\u00e1val feszes\u00edti a b\u0151rt, kisim\u00edtja a felsz\u00edni r\u00e1ncokat<\/li>\n\n\n\n<li>Termikus hat\u00e1sa miatt javul a b\u0151r kering\u00e9se, \u00e9lettelibb\u00e9 v\u00e1lik<\/li>\n<\/ul>\n\n\n\n<p><br>A legjobb eredm\u00e9ny el\u00e9r\u00e9se \u00e9rdek\u00e9ben 4-6 alkalmas k\u00far\u00e1ban aj\u00e1nljuk, melyet \u00e9rdemes havi egyszeri szinten tart\u00f3 kezel\u00e9ssel kieg\u00e9sz\u00edteni.<\/p>\n\n\n\n<p><strong>Kezel\u00e9s menete<\/strong><\/p>\n\n\n\n<p>A b\u0151r alapos letiszt\u00edt\u00e1sa ut\u00e1n v\u00e9kony r\u00e9tegben karbon g\u00e9lt visz\u00fcnk fel az arcra. A sz\u00e9n felsz\u00edvja a szennyez\u0151d\u00e9seket, olajat a p\u00f3rusok m\u00e9ly\u00e9r\u0151l is. A l\u00e9zerf\u00e9ny seg\u00edts\u00e9g\u00e9vel a sz\u00e9nr\u00e9szecsk\u00e9k sz\u00e9trobbannak, \u00edgy a karbon g\u00e9l a szennyez\u0151d\u00e9sekkel egy\u00fctt elt\u0171nik az arcr\u00f3l.<\/p>\n\n\n\n<p>Kezel\u00e9s ut\u00e1n b\u0151rt\u00edpusnak megfelel\u0151 sz\u00e9rumot juttatunk a b\u0151rbe t\u0171 n\u00e9lk\u00fcli mezoter\u00e1pi\u00e1val, amit egy hydrojelly maszk k\u00f6vet. A v\u00e9g\u00e9n kr\u00e9met \u00e9s f\u00e9nyv\u00e9d\u0151t visz\u00fcnk fel a ter\u00fcletre.<\/p>\n\n\n\n<p><strong>Kezel\u00e9s id\u0151tartama<\/strong><\/p>\n\n\n\n<p>50-60 perc<\/p>\n\n\n\n<p><strong>Ut\u00f3\u00e1pol\u00e1s<\/strong> <\/p>\n\n\n\n<p><\/p>\n\n\n\n<p>A kezel\u00e9s ut\u00e1n egy h\u00e9tig a f\u00e9nyv\u00e9d\u0151 \u00e9s a hidrat\u00e1l\u00f3 kr\u00e9mek haszn\u00e1lata kiemelten fontos! A k\u00fara alatt ker\u00fclend\u0151 a retinolos kr\u00e9mek haszn\u00e1lata.<br><\/p>\n","protected":false},"excerpt":{"rendered":"<p>A carbon peeling (vagy karbon peel, carbon peel, soft peeling) forradalmi l\u00e9zerkezel\u00e9s, mely olyan felsz\u00edni l\u00e9zeres h\u00e1mlaszt\u00f3, p\u00f3rusminimaliz\u00e1l\u00f3, p\u00f3rus\u00f6sszeh\u00faz\u00f3 kezel\u00e9s, ami egyben finom gyullad\u00e1scs\u00f6kkent\u0151 \u00e9s kollag\u00e9nstimul\u00e1l\u00f3 hat\u00e1ssal is b\u00edr. A b\u0151r regener\u00e1l\u00f3d\u00e1si ideje minim\u00e1lis a kezel\u00e9s ut\u00e1n. Kifejezetten hat\u00e9kony zs\u00edros b\u0151r eset\u00e9n, t\u00e1g p\u00f3rusokra. Nagyon j\u00f3 h\u00e1mlaszt\u00f3 kezel\u00e9s, mely eg\u00e9sz \u00e9vben v\u00e9gezhet\u0151. Kezel\u00e9st k\u00f6vet\u0151en a b\u0151r egys\u00e9gesebb, puh\u00e1bb \u00e9s feszesebb lesz.A kezel\u00e9s biztons\u00e1gos \u00e9s f\u00e1jdalommentes. Minden b\u0151rt\u00edpusra aj\u00e1nlott, \u00e9rz\u00e9keny, gyulladt, ekc\u00e9m\u00e1s b\u0151r\u00f6n is alkalmazhat\u00f3.A kezel\u00e9st vadonat\u00faj Q-kapcsolt Nd:YAG l\u00e9zer\u00fcnkkel v\u00e9gezz\u00fck.&nbsp;&nbsp; Alkalmaz\u00e1si ter\u00fcletek A legjobb eredm\u00e9ny el\u00e9r\u00e9se \u00e9rdek\u00e9ben 4-6 alkalmas k\u00far\u00e1ban aj\u00e1nljuk, melyet \u00e9rdemes havi egyszeri szinten tart\u00f3 kezel\u00e9ssel kieg\u00e9sz\u00edteni. Kezel\u00e9s menete A b\u0151r alapos letiszt\u00edt\u00e1sa ut\u00e1n v\u00e9kony r\u00e9tegben karbon g\u00e9lt visz\u00fcnk fel az arcra. A sz\u00e9n felsz\u00edvja a szennyez\u0151d\u00e9seket, olajat a p\u00f3rusok m\u00e9ly\u00e9r\u0151l is. A l\u00e9zerf\u00e9ny seg\u00edts\u00e9g\u00e9vel a sz\u00e9nr\u00e9szecsk\u00e9k sz\u00e9trobbannak, \u00edgy a karbon g\u00e9l a szennyez\u0151d\u00e9sekkel egy\u00fctt elt\u0171nik az arcr\u00f3l. Kezel\u00e9s ut\u00e1n b\u0151rt\u00edpusnak megfelel\u0151 sz\u00e9rumot juttatunk a b\u0151rbe t\u0171 n\u00e9lk\u00fcli mezoter\u00e1pi\u00e1val, amit egy hydrojelly maszk k\u00f6vet. A v\u00e9g\u00e9n kr\u00e9met \u00e9s f\u00e9nyv\u00e9d\u0151t visz\u00fcnk fel a ter\u00fcletre. Kezel\u00e9s id\u0151tartama 50-60 perc Ut\u00f3\u00e1pol\u00e1s A kezel\u00e9s ut\u00e1n egy h\u00e9tig a f\u00e9nyv\u00e9d\u0151 \u00e9s a hidrat\u00e1l\u00f3 kr\u00e9mek haszn\u00e1lata kiemelten fontos! A k\u00fara alatt ker\u00fclend\u0151 a retinolos kr\u00e9mek haszn\u00e1lata.<\/p>\n","protected":false},"author":1,"featured_media":0,"parent":0,"menu_order":0,"comment_status":"closed","ping_status":"closed","template":"","meta":{"footnotes":""},"class_list":["post-11","page","type-page","status-publish","hentry"],"yoast_head":"<!-- This site is optimized with the Yoast SEO plugin v23.9 - https:\/\/yoast.com\/wordpress\/plugins\/seo\/ -->\n<title>Carbon peeling - kolleranna.hu<\/title>\n<meta name=\"robots\" content=\"index, follow, max-snippet:-1, max-image-preview:large, max-video-preview:-1\" \/>\n<link rel=\"canonical\" href=\"https:\/\/kolleranna.hu\/?page_id=11\" \/>\n<meta property=\"og:locale\" content=\"hu_HU\" \/>\n<meta property=\"og:type\" content=\"article\" \/>\n<meta property=\"og:title\" content=\"Carbon peeling - kolleranna.hu\" \/>\n<meta property=\"og:description\" content=\"A carbon peeling (vagy karbon peel, carbon peel, soft peeling) forradalmi l\u00e9zerkezel\u00e9s, mely olyan felsz\u00edni l\u00e9zeres h\u00e1mlaszt\u00f3, p\u00f3rusminimaliz\u00e1l\u00f3, p\u00f3rus\u00f6sszeh\u00faz\u00f3 kezel\u00e9s, ami egyben finom gyullad\u00e1scs\u00f6kkent\u0151 \u00e9s kollag\u00e9nstimul\u00e1l\u00f3 hat\u00e1ssal is b\u00edr. A b\u0151r regener\u00e1l\u00f3d\u00e1si ideje minim\u00e1lis a kezel\u00e9s ut\u00e1n. Kifejezetten hat\u00e9kony zs\u00edros b\u0151r eset\u00e9n, t\u00e1g p\u00f3rusokra. Nagyon j\u00f3 h\u00e1mlaszt\u00f3 kezel\u00e9s, mely eg\u00e9sz \u00e9vben v\u00e9gezhet\u0151. Kezel\u00e9st k\u00f6vet\u0151en a b\u0151r egys\u00e9gesebb, puh\u00e1bb \u00e9s feszesebb lesz.A kezel\u00e9s biztons\u00e1gos \u00e9s f\u00e1jdalommentes. Minden b\u0151rt\u00edpusra aj\u00e1nlott, \u00e9rz\u00e9keny, gyulladt, ekc\u00e9m\u00e1s b\u0151r\u00f6n is alkalmazhat\u00f3.A kezel\u00e9st vadonat\u00faj Q-kapcsolt Nd:YAG l\u00e9zer\u00fcnkkel v\u00e9gezz\u00fck.&nbsp;&nbsp; Alkalmaz\u00e1si ter\u00fcletek A legjobb eredm\u00e9ny el\u00e9r\u00e9se \u00e9rdek\u00e9ben 4-6 alkalmas k\u00far\u00e1ban aj\u00e1nljuk, melyet \u00e9rdemes havi egyszeri szinten tart\u00f3 kezel\u00e9ssel kieg\u00e9sz\u00edteni. Kezel\u00e9s menete A b\u0151r alapos letiszt\u00edt\u00e1sa ut\u00e1n v\u00e9kony r\u00e9tegben karbon g\u00e9lt visz\u00fcnk fel az arcra. A sz\u00e9n felsz\u00edvja a szennyez\u0151d\u00e9seket, olajat a p\u00f3rusok m\u00e9ly\u00e9r\u0151l is. A l\u00e9zerf\u00e9ny seg\u00edts\u00e9g\u00e9vel a sz\u00e9nr\u00e9szecsk\u00e9k sz\u00e9trobbannak, \u00edgy a karbon g\u00e9l a szennyez\u0151d\u00e9sekkel egy\u00fctt elt\u0171nik az arcr\u00f3l. Kezel\u00e9s ut\u00e1n b\u0151rt\u00edpusnak megfelel\u0151 sz\u00e9rumot juttatunk a b\u0151rbe t\u0171 n\u00e9lk\u00fcli mezoter\u00e1pi\u00e1val, amit egy hydrojelly maszk k\u00f6vet. A v\u00e9g\u00e9n kr\u00e9met \u00e9s f\u00e9nyv\u00e9d\u0151t visz\u00fcnk fel a ter\u00fcletre. Kezel\u00e9s id\u0151tartama 50-60 perc Ut\u00f3\u00e1pol\u00e1s A kezel\u00e9s ut\u00e1n egy h\u00e9tig a f\u00e9nyv\u00e9d\u0151 \u00e9s a hidrat\u00e1l\u00f3 kr\u00e9mek haszn\u00e1lata kiemelten fontos! A k\u00fara alatt ker\u00fclend\u0151 a retinolos kr\u00e9mek haszn\u00e1lata.\" \/>\n<meta property=\"og:url\" content=\"https:\/\/kolleranna.hu\/?page_id=11\" \/>\n<meta property=\"og:site_name\" content=\"kolleranna.hu\" \/>\n<meta property=\"article:modified_time\" content=\"2024-05-20T09:20:28+00:00\" \/>\n<meta name=\"twitter:card\" content=\"summary_large_image\" \/>\n<meta name=\"twitter:label1\" content=\"Becs\u00fclt olvas\u00e1si id\u0151\" \/>\n\t<meta name=\"twitter:data1\" content=\"2 perc\" \/>\n<script type=\"application\/ld+json\" class=\"yoast-schema-graph\">{\"@context\":\"https:\/\/schema.org\",\"@graph\":[{\"@type\":\"WebPage\",\"@id\":\"https:\/\/kolleranna.hu\/?page_id=11\",\"url\":\"https:\/\/kolleranna.hu\/?page_id=11\",\"name\":\"Carbon peeling - kolleranna.hu\",\"isPartOf\":{\"@id\":\"https:\/\/kolleranna.hu\/#website\"},\"datePublished\":\"2024-05-04T10:26:33+00:00\",\"dateModified\":\"2024-05-20T09:20:28+00:00\",\"breadcrumb\":{\"@id\":\"https:\/\/kolleranna.hu\/?page_id=11#breadcrumb\"},\"inLanguage\":\"hu\",\"potentialAction\":[{\"@type\":\"ReadAction\",\"target\":[\"https:\/\/kolleranna.hu\/?page_id=11\"]}]},{\"@type\":\"BreadcrumbList\",\"@id\":\"https:\/\/kolleranna.hu\/?page_id=11#breadcrumb\",\"itemListElement\":[{\"@type\":\"ListItem\",\"position\":1,\"name\":\"Kezd\u0151lap\",\"item\":\"https:\/\/kolleranna.hu\/\"},{\"@type\":\"ListItem\",\"position\":2,\"name\":\"Carbon peeling\"}]},{\"@type\":\"WebSite\",\"@id\":\"https:\/\/kolleranna.hu\/#website\",\"url\":\"https:\/\/kolleranna.hu\/\",\"name\":\"kolleranna.hu\",\"description\":\"kozmetikus\",\"publisher\":{\"@id\":\"https:\/\/kolleranna.hu\/#organization\"},\"potentialAction\":[{\"@type\":\"SearchAction\",\"target\":{\"@type\":\"EntryPoint\",\"urlTemplate\":\"https:\/\/kolleranna.hu\/?s={search_term_string}\"},\"query-input\":{\"@type\":\"PropertyValueSpecification\",\"valueRequired\":true,\"valueName\":\"search_term_string\"}}],\"inLanguage\":\"hu\"},{\"@type\":\"Organization\",\"@id\":\"https:\/\/kolleranna.hu\/#organization\",\"name\":\"kolleranna\",\"url\":\"https:\/\/kolleranna.hu\/\",\"logo\":{\"@type\":\"ImageObject\",\"inLanguage\":\"hu\",\"@id\":\"https:\/\/kolleranna.hu\/#\/schema\/logo\/image\/\",\"url\":\"https:\/\/kolleranna.hu\/wp-content\/uploads\/2024\/05\/cropped-Nevtelenlogo.png\",\"contentUrl\":\"https:\/\/kolleranna.hu\/wp-content\/uploads\/2024\/05\/cropped-Nevtelenlogo.png\",\"width\":548,\"height\":129,\"caption\":\"kolleranna\"},\"image\":{\"@id\":\"https:\/\/kolleranna.hu\/#\/schema\/logo\/image\/\"}}]}<\/script>\n<!-- \/ Yoast SEO plugin. -->","yoast_head_json":{"title":"Carbon peeling - kolleranna.hu","robots":{"index":"index","follow":"follow","max-snippet":"max-snippet:-1","max-image-preview":"max-image-preview:large","max-video-preview":"max-video-preview:-1"},"canonical":"https:\/\/kolleranna.hu\/?page_id=11","og_locale":"hu_HU","og_type":"article","og_title":"Carbon peeling - kolleranna.hu","og_description":"A carbon peeling (vagy karbon peel, carbon peel, soft peeling) forradalmi l\u00e9zerkezel\u00e9s, mely olyan felsz\u00edni l\u00e9zeres h\u00e1mlaszt\u00f3, p\u00f3rusminimaliz\u00e1l\u00f3, p\u00f3rus\u00f6sszeh\u00faz\u00f3 kezel\u00e9s, ami egyben finom gyullad\u00e1scs\u00f6kkent\u0151 \u00e9s kollag\u00e9nstimul\u00e1l\u00f3 hat\u00e1ssal is b\u00edr. A b\u0151r regener\u00e1l\u00f3d\u00e1si ideje minim\u00e1lis a kezel\u00e9s ut\u00e1n. Kifejezetten hat\u00e9kony zs\u00edros b\u0151r eset\u00e9n, t\u00e1g p\u00f3rusokra. Nagyon j\u00f3 h\u00e1mlaszt\u00f3 kezel\u00e9s, mely eg\u00e9sz \u00e9vben v\u00e9gezhet\u0151. Kezel\u00e9st k\u00f6vet\u0151en a b\u0151r egys\u00e9gesebb, puh\u00e1bb \u00e9s feszesebb lesz.A kezel\u00e9s biztons\u00e1gos \u00e9s f\u00e1jdalommentes. Minden b\u0151rt\u00edpusra aj\u00e1nlott, \u00e9rz\u00e9keny, gyulladt, ekc\u00e9m\u00e1s b\u0151r\u00f6n is alkalmazhat\u00f3.A kezel\u00e9st vadonat\u00faj Q-kapcsolt Nd:YAG l\u00e9zer\u00fcnkkel v\u00e9gezz\u00fck.&nbsp;&nbsp; Alkalmaz\u00e1si ter\u00fcletek A legjobb eredm\u00e9ny el\u00e9r\u00e9se \u00e9rdek\u00e9ben 4-6 alkalmas k\u00far\u00e1ban aj\u00e1nljuk, melyet \u00e9rdemes havi egyszeri szinten tart\u00f3 kezel\u00e9ssel kieg\u00e9sz\u00edteni. Kezel\u00e9s menete A b\u0151r alapos letiszt\u00edt\u00e1sa ut\u00e1n v\u00e9kony r\u00e9tegben karbon g\u00e9lt visz\u00fcnk fel az arcra. A sz\u00e9n felsz\u00edvja a szennyez\u0151d\u00e9seket, olajat a p\u00f3rusok m\u00e9ly\u00e9r\u0151l is. A l\u00e9zerf\u00e9ny seg\u00edts\u00e9g\u00e9vel a sz\u00e9nr\u00e9szecsk\u00e9k sz\u00e9trobbannak, \u00edgy a karbon g\u00e9l a szennyez\u0151d\u00e9sekkel egy\u00fctt elt\u0171nik az arcr\u00f3l. Kezel\u00e9s ut\u00e1n b\u0151rt\u00edpusnak megfelel\u0151 sz\u00e9rumot juttatunk a b\u0151rbe t\u0171 n\u00e9lk\u00fcli mezoter\u00e1pi\u00e1val, amit egy hydrojelly maszk k\u00f6vet. A v\u00e9g\u00e9n kr\u00e9met \u00e9s f\u00e9nyv\u00e9d\u0151t visz\u00fcnk fel a ter\u00fcletre. Kezel\u00e9s id\u0151tartama 50-60 perc Ut\u00f3\u00e1pol\u00e1s A kezel\u00e9s ut\u00e1n egy h\u00e9tig a f\u00e9nyv\u00e9d\u0151 \u00e9s a hidrat\u00e1l\u00f3 kr\u00e9mek haszn\u00e1lata kiemelten fontos! A k\u00fara alatt ker\u00fclend\u0151 a retinolos kr\u00e9mek haszn\u00e1lata.","og_url":"https:\/\/kolleranna.hu\/?page_id=11","og_site_name":"kolleranna.hu","article_modified_time":"2024-05-20T09:20:28+00:00","twitter_card":"summary_large_image","twitter_misc":{"Becs\u00fclt olvas\u00e1si id\u0151":"2 perc"},"schema":{"@context":"https:\/\/schema.org","@graph":[{"@type":"WebPage","@id":"https:\/\/kolleranna.hu\/?page_id=11","url":"https:\/\/kolleranna.hu\/?page_id=11","name":"Carbon peeling - kolleranna.hu","isPartOf":{"@id":"https:\/\/kolleranna.hu\/#website"},"datePublished":"2024-05-04T10:26:33+00:00","dateModified":"2024-05-20T09:20:28+00:00","breadcrumb":{"@id":"https:\/\/kolleranna.hu\/?page_id=11#breadcrumb"},"inLanguage":"hu","potentialAction":[{"@type":"ReadAction","target":["https:\/\/kolleranna.hu\/?page_id=11"]}]},{"@type":"BreadcrumbList","@id":"https:\/\/kolleranna.hu\/?page_id=11#breadcrumb","itemListElement":[{"@type":"ListItem","position":1,"name":"Kezd\u0151lap","item":"https:\/\/kolleranna.hu\/"},{"@type":"ListItem","position":2,"name":"Carbon peeling"}]},{"@type":"WebSite","@id":"https:\/\/kolleranna.hu\/#website","url":"https:\/\/kolleranna.hu\/","name":"kolleranna.hu","description":"kozmetikus","publisher":{"@id":"https:\/\/kolleranna.hu\/#organization"},"potentialAction":[{"@type":"SearchAction","target":{"@type":"EntryPoint","urlTemplate":"https:\/\/kolleranna.hu\/?s={search_term_string}"},"query-input":{"@type":"PropertyValueSpecification","valueRequired":true,"valueName":"search_term_string"}}],"inLanguage":"hu"},{"@type":"Organization","@id":"https:\/\/kolleranna.hu\/#organization","name":"kolleranna","url":"https:\/\/kolleranna.hu\/","logo":{"@type":"ImageObject","inLanguage":"hu","@id":"https:\/\/kolleranna.hu\/#\/schema\/logo\/image\/","url":"https:\/\/kolleranna.hu\/wp-content\/uploads\/2024\/05\/cropped-Nevtelenlogo.png","contentUrl":"https:\/\/kolleranna.hu\/wp-content\/uploads\/2024\/05\/cropped-Nevtelenlogo.png","width":548,"height":129,"caption":"kolleranna"},"image":{"@id":"https:\/\/kolleranna.hu\/#\/schema\/logo\/image\/"}}]}},"_links":{"self":[{"href":"https:\/\/kolleranna.hu\/index.php?rest_route=\/wp\/v2\/pages\/11","targetHints":{"allow":["GET"]}}],"collection":[{"href":"https:\/\/kolleranna.hu\/index.php?rest_route=\/wp\/v2\/pages"}],"about":[{"href":"https:\/\/kolleranna.hu\/index.php?rest_route=\/wp\/v2\/types\/page"}],"author":[{"embeddable":true,"href":"https:\/\/kolleranna.hu\/index.php?rest_route=\/wp\/v2\/users\/1"}],"replies":[{"embeddable":true,"href":"https:\/\/kolleranna.hu\/index.php?rest_route=%2Fwp%2Fv2%2Fcomments&post=11"}],"version-history":[{"count":3,"href":"https:\/\/kolleranna.hu\/index.php?rest_route=\/wp\/v2\/pages\/11\/revisions"}],"predecessor-version":[{"id":168,"href":"https:\/\/kolleranna.hu\/index.php?rest_route=\/wp\/v2\/pages\/11\/revisions\/168"}],"wp:attachment":[{"href":"https:\/\/kolleranna.hu\/index.php?rest_route=%2Fwp%2Fv2%2Fmedia&parent=11"}],"curies":[{"name":"wp","href":"https:\/\/api.w.org\/{rel}","templated":true}]}}