{"id":14,"date":"2024-05-04T12:26:33","date_gmt":"2024-05-04T10:26:33","guid":{"rendered":"http:\/\/kolleranna.hu\/?page_id=14"},"modified":"2024-09-15T21:05:53","modified_gmt":"2024-09-15T19:05:53","slug":"hydra-beauty-kezeles","status":"publish","type":"page","link":"https:\/\/kolleranna.hu\/?page_id=14","title":{"rendered":"Hydra Beauty kezel\u00e9s"},"content":{"rendered":"\n<figure class=\"wp-block-image size-full is-resized\"><img loading=\"lazy\" decoding=\"async\" width=\"710\" height=\"480\" src=\"https:\/\/kolleranna.hu\/wp-content\/uploads\/2024\/09\/hydra-beauty-facial-care-rendszer-termekkep.jpg\" alt=\"\" class=\"wp-image-427\" style=\"width:501px;height:auto\" srcset=\"https:\/\/kolleranna.hu\/wp-content\/uploads\/2024\/09\/hydra-beauty-facial-care-rendszer-termekkep.jpg 710w, https:\/\/kolleranna.hu\/wp-content\/uploads\/2024\/09\/hydra-beauty-facial-care-rendszer-termekkep-300x203.jpg 300w\" sizes=\"auto, (max-width: 710px) 100vw, 710px\" \/><\/figure>\n\n\n\n<h1 class=\"wp-block-heading\">EunSung Hydra Beauty b\u0151r\u00e1pol\u00f3 rendszer<\/h1>\n\n\n\n<figure class=\"wp-block-image\"><img decoding=\"async\" src=\"https:\/\/kozmetikaigep.hu\/wp-content\/uploads\/2016\/03\/eunsung-hatter-nelkul.png\" alt=\"EunSung\" class=\"wp-image-2471\"\/><\/figure>\n\n\n\n<p>Az Hydra Beauty professzion\u00e1lis b\u0151r\u00e1pol\u00f3 rendszer egy teljesk\u00f6r\u0171 tiszt\u00edt\u00f3, arcfiatal\u00edt\u00f3 megold\u00e1s, amellyel m\u00e1r az els\u0151 kezel\u00e9sn\u00e9l l\u00e1tv\u00e1nyos eredm\u00e9nyekkel bizony\u00edthat a vend\u00e9gein\u00e9l. H\u00e1rom k\u00fcl\u00f6nb\u00f6z\u0151 technol\u00f3gi\u00e1t integr\u00e1l a t\u00f6k\u00e9letesen tiszta, ragyog\u00f3 \u00e9s fiatalos arcb\u0151r el\u00e9r\u00e9s\u00e9\u00e9rt. Tartalmazza az AquaClean technol\u00f3gi\u00e1t, amellyel egyid\u0151ben hidrodermabr\u00e1zi\u00f3t \u00e9s m\u00e9ly r\u00e9teg\u0171 b\u0151rtiszt\u00edt\u00e1st is v\u00e9gezhet. A LED f\u00e9nyter\u00e1pi\u00e1t is tartalmaz\u00f3 elektropor\u00e1ci\u00f3s kezel\u0151fej kiv\u00e1l\u00f3 megold\u00e1st ny\u00fajt hat\u00f3anyag-bevitelre, m\u00edg a gy\u00e9m\u00e1ntfejes, v\u00e1kuummal kombin\u00e1lt kezel\u0151fejet alkalmazhatja t\u00f6k\u00e9letes min\u0151s\u00e9g\u0171 h\u00e1mlaszt\u00e1shoz, b\u0151rtiszt\u00edt\u00e1shoz.<\/p>\n\n\n\n<p><strong>Felhaszn\u00e1l\u00e1si ter\u00fclet:<\/strong>&nbsp;b\u0151rtiszt\u00edt\u00e1s, p\u00f3rustiszt\u00edt\u00e1s, elhalt h\u00e1msejtek, komed\u00f3k \u00e9s b\u0151rparazit\u00e1k elt\u00e1vol\u00edt\u00e1sa, b\u0151rl\u00e9gz\u00e9s \u00e9s v\u00e9rkering\u00e9s fokoz\u00e1sa, b\u0151rtext\u00fara jav\u00edt\u00e1sa, h\u00e1mlaszt\u00f3 kezel\u00e9sek (mikrodermabr\u00e1zi\u00f3), hat\u00f3anyagbevitel.<\/p>\n","protected":false},"excerpt":{"rendered":"<p>EunSung Hydra Beauty b\u0151r\u00e1pol\u00f3 rendszer Az Hydra Beauty professzion\u00e1lis b\u0151r\u00e1pol\u00f3 rendszer egy teljesk\u00f6r\u0171 tiszt\u00edt\u00f3, arcfiatal\u00edt\u00f3 megold\u00e1s, amellyel m\u00e1r az els\u0151 kezel\u00e9sn\u00e9l l\u00e1tv\u00e1nyos eredm\u00e9nyekkel bizony\u00edthat a vend\u00e9gein\u00e9l. H\u00e1rom k\u00fcl\u00f6nb\u00f6z\u0151 technol\u00f3gi\u00e1t integr\u00e1l a t\u00f6k\u00e9letesen tiszta, ragyog\u00f3 \u00e9s fiatalos arcb\u0151r el\u00e9r\u00e9s\u00e9\u00e9rt. Tartalmazza az AquaClean technol\u00f3gi\u00e1t, amellyel egyid\u0151ben hidrodermabr\u00e1zi\u00f3t \u00e9s m\u00e9ly r\u00e9teg\u0171 b\u0151rtiszt\u00edt\u00e1st is v\u00e9gezhet. A LED f\u00e9nyter\u00e1pi\u00e1t is tartalmaz\u00f3 elektropor\u00e1ci\u00f3s kezel\u0151fej kiv\u00e1l\u00f3 megold\u00e1st ny\u00fajt hat\u00f3anyag-bevitelre, m\u00edg a gy\u00e9m\u00e1ntfejes, v\u00e1kuummal kombin\u00e1lt kezel\u0151fejet alkalmazhatja t\u00f6k\u00e9letes min\u0151s\u00e9g\u0171 h\u00e1mlaszt\u00e1shoz, b\u0151rtiszt\u00edt\u00e1shoz. Felhaszn\u00e1l\u00e1si ter\u00fclet:&nbsp;b\u0151rtiszt\u00edt\u00e1s, p\u00f3rustiszt\u00edt\u00e1s, elhalt h\u00e1msejtek, komed\u00f3k \u00e9s b\u0151rparazit\u00e1k elt\u00e1vol\u00edt\u00e1sa, b\u0151rl\u00e9gz\u00e9s \u00e9s v\u00e9rkering\u00e9s fokoz\u00e1sa, b\u0151rtext\u00fara jav\u00edt\u00e1sa, h\u00e1mlaszt\u00f3 kezel\u00e9sek (mikrodermabr\u00e1zi\u00f3), hat\u00f3anyagbevitel.<\/p>\n","protected":false},"author":1,"featured_media":0,"parent":0,"menu_order":0,"comment_status":"closed","ping_status":"closed","template":"","meta":{"footnotes":""},"class_list":["post-14","page","type-page","status-publish","hentry"],"yoast_head":"<!-- This site is optimized with the Yoast SEO plugin v23.9 - https:\/\/yoast.com\/wordpress\/plugins\/seo\/ -->\n<title>Hydra Beauty kezel\u00e9s - kolleranna.hu<\/title>\n<meta name=\"robots\" content=\"index, follow, max-snippet:-1, max-image-preview:large, max-video-preview:-1\" \/>\n<link rel=\"canonical\" href=\"https:\/\/kolleranna.hu\/?page_id=14\" \/>\n<meta property=\"og:locale\" content=\"hu_HU\" \/>\n<meta property=\"og:type\" content=\"article\" \/>\n<meta property=\"og:title\" content=\"Hydra Beauty kezel\u00e9s - kolleranna.hu\" \/>\n<meta property=\"og:description\" content=\"EunSung Hydra Beauty b\u0151r\u00e1pol\u00f3 rendszer Az Hydra Beauty professzion\u00e1lis b\u0151r\u00e1pol\u00f3 rendszer egy teljesk\u00f6r\u0171 tiszt\u00edt\u00f3, arcfiatal\u00edt\u00f3 megold\u00e1s, amellyel m\u00e1r az els\u0151 kezel\u00e9sn\u00e9l l\u00e1tv\u00e1nyos eredm\u00e9nyekkel bizony\u00edthat a vend\u00e9gein\u00e9l. H\u00e1rom k\u00fcl\u00f6nb\u00f6z\u0151 technol\u00f3gi\u00e1t integr\u00e1l a t\u00f6k\u00e9letesen tiszta, ragyog\u00f3 \u00e9s fiatalos arcb\u0151r el\u00e9r\u00e9s\u00e9\u00e9rt. Tartalmazza az AquaClean technol\u00f3gi\u00e1t, amellyel egyid\u0151ben hidrodermabr\u00e1zi\u00f3t \u00e9s m\u00e9ly r\u00e9teg\u0171 b\u0151rtiszt\u00edt\u00e1st is v\u00e9gezhet. A LED f\u00e9nyter\u00e1pi\u00e1t is tartalmaz\u00f3 elektropor\u00e1ci\u00f3s kezel\u0151fej kiv\u00e1l\u00f3 megold\u00e1st ny\u00fajt hat\u00f3anyag-bevitelre, m\u00edg a gy\u00e9m\u00e1ntfejes, v\u00e1kuummal kombin\u00e1lt kezel\u0151fejet alkalmazhatja t\u00f6k\u00e9letes min\u0151s\u00e9g\u0171 h\u00e1mlaszt\u00e1shoz, b\u0151rtiszt\u00edt\u00e1shoz. Felhaszn\u00e1l\u00e1si ter\u00fclet:&nbsp;b\u0151rtiszt\u00edt\u00e1s, p\u00f3rustiszt\u00edt\u00e1s, elhalt h\u00e1msejtek, komed\u00f3k \u00e9s b\u0151rparazit\u00e1k elt\u00e1vol\u00edt\u00e1sa, b\u0151rl\u00e9gz\u00e9s \u00e9s v\u00e9rkering\u00e9s fokoz\u00e1sa, b\u0151rtext\u00fara jav\u00edt\u00e1sa, h\u00e1mlaszt\u00f3 kezel\u00e9sek (mikrodermabr\u00e1zi\u00f3), hat\u00f3anyagbevitel.\" \/>\n<meta property=\"og:url\" content=\"https:\/\/kolleranna.hu\/?page_id=14\" \/>\n<meta property=\"og:site_name\" content=\"kolleranna.hu\" \/>\n<meta property=\"article:modified_time\" content=\"2024-09-15T19:05:53+00:00\" \/>\n<meta property=\"og:image\" content=\"https:\/\/kolleranna.hu\/wp-content\/uploads\/2024\/09\/hydra-beauty-facial-care-rendszer-termekkep.jpg\" \/>\n<meta name=\"twitter:card\" content=\"summary_large_image\" \/>\n<meta name=\"twitter:label1\" content=\"Becs\u00fclt olvas\u00e1si id\u0151\" \/>\n\t<meta name=\"twitter:data1\" content=\"1 perc\" \/>\n<script type=\"application\/ld+json\" class=\"yoast-schema-graph\">{\"@context\":\"https:\/\/schema.org\",\"@graph\":[{\"@type\":\"WebPage\",\"@id\":\"https:\/\/kolleranna.hu\/?page_id=14\",\"url\":\"https:\/\/kolleranna.hu\/?page_id=14\",\"name\":\"Hydra Beauty kezel\u00e9s - kolleranna.hu\",\"isPartOf\":{\"@id\":\"https:\/\/kolleranna.hu\/#website\"},\"primaryImageOfPage\":{\"@id\":\"https:\/\/kolleranna.hu\/?page_id=14#primaryimage\"},\"image\":{\"@id\":\"https:\/\/kolleranna.hu\/?page_id=14#primaryimage\"},\"thumbnailUrl\":\"https:\/\/kolleranna.hu\/wp-content\/uploads\/2024\/09\/hydra-beauty-facial-care-rendszer-termekkep.jpg\",\"datePublished\":\"2024-05-04T10:26:33+00:00\",\"dateModified\":\"2024-09-15T19:05:53+00:00\",\"breadcrumb\":{\"@id\":\"https:\/\/kolleranna.hu\/?page_id=14#breadcrumb\"},\"inLanguage\":\"hu\",\"potentialAction\":[{\"@type\":\"ReadAction\",\"target\":[\"https:\/\/kolleranna.hu\/?page_id=14\"]}]},{\"@type\":\"ImageObject\",\"inLanguage\":\"hu\",\"@id\":\"https:\/\/kolleranna.hu\/?page_id=14#primaryimage\",\"url\":\"https:\/\/kolleranna.hu\/wp-content\/uploads\/2024\/09\/hydra-beauty-facial-care-rendszer-termekkep.jpg\",\"contentUrl\":\"https:\/\/kolleranna.hu\/wp-content\/uploads\/2024\/09\/hydra-beauty-facial-care-rendszer-termekkep.jpg\",\"width\":710,\"height\":480},{\"@type\":\"BreadcrumbList\",\"@id\":\"https:\/\/kolleranna.hu\/?page_id=14#breadcrumb\",\"itemListElement\":[{\"@type\":\"ListItem\",\"position\":1,\"name\":\"Kezd\u0151lap\",\"item\":\"https:\/\/kolleranna.hu\/\"},{\"@type\":\"ListItem\",\"position\":2,\"name\":\"Hydra Beauty kezel\u00e9s\"}]},{\"@type\":\"WebSite\",\"@id\":\"https:\/\/kolleranna.hu\/#website\",\"url\":\"https:\/\/kolleranna.hu\/\",\"name\":\"kolleranna.hu\",\"description\":\"kozmetikus\",\"publisher\":{\"@id\":\"https:\/\/kolleranna.hu\/#organization\"},\"potentialAction\":[{\"@type\":\"SearchAction\",\"target\":{\"@type\":\"EntryPoint\",\"urlTemplate\":\"https:\/\/kolleranna.hu\/?s={search_term_string}\"},\"query-input\":{\"@type\":\"PropertyValueSpecification\",\"valueRequired\":true,\"valueName\":\"search_term_string\"}}],\"inLanguage\":\"hu\"},{\"@type\":\"Organization\",\"@id\":\"https:\/\/kolleranna.hu\/#organization\",\"name\":\"kolleranna\",\"url\":\"https:\/\/kolleranna.hu\/\",\"logo\":{\"@type\":\"ImageObject\",\"inLanguage\":\"hu\",\"@id\":\"https:\/\/kolleranna.hu\/#\/schema\/logo\/image\/\",\"url\":\"https:\/\/kolleranna.hu\/wp-content\/uploads\/2024\/05\/cropped-Nevtelenlogo.png\",\"contentUrl\":\"https:\/\/kolleranna.hu\/wp-content\/uploads\/2024\/05\/cropped-Nevtelenlogo.png\",\"width\":548,\"height\":129,\"caption\":\"kolleranna\"},\"image\":{\"@id\":\"https:\/\/kolleranna.hu\/#\/schema\/logo\/image\/\"}}]}<\/script>\n<!-- \/ Yoast SEO plugin. -->","yoast_head_json":{"title":"Hydra Beauty kezel\u00e9s - kolleranna.hu","robots":{"index":"index","follow":"follow","max-snippet":"max-snippet:-1","max-image-preview":"max-image-preview:large","max-video-preview":"max-video-preview:-1"},"canonical":"https:\/\/kolleranna.hu\/?page_id=14","og_locale":"hu_HU","og_type":"article","og_title":"Hydra Beauty kezel\u00e9s - kolleranna.hu","og_description":"EunSung Hydra Beauty b\u0151r\u00e1pol\u00f3 rendszer Az Hydra Beauty professzion\u00e1lis b\u0151r\u00e1pol\u00f3 rendszer egy teljesk\u00f6r\u0171 tiszt\u00edt\u00f3, arcfiatal\u00edt\u00f3 megold\u00e1s, amellyel m\u00e1r az els\u0151 kezel\u00e9sn\u00e9l l\u00e1tv\u00e1nyos eredm\u00e9nyekkel bizony\u00edthat a vend\u00e9gein\u00e9l. H\u00e1rom k\u00fcl\u00f6nb\u00f6z\u0151 technol\u00f3gi\u00e1t integr\u00e1l a t\u00f6k\u00e9letesen tiszta, ragyog\u00f3 \u00e9s fiatalos arcb\u0151r el\u00e9r\u00e9s\u00e9\u00e9rt. Tartalmazza az AquaClean technol\u00f3gi\u00e1t, amellyel egyid\u0151ben hidrodermabr\u00e1zi\u00f3t \u00e9s m\u00e9ly r\u00e9teg\u0171 b\u0151rtiszt\u00edt\u00e1st is v\u00e9gezhet. A LED f\u00e9nyter\u00e1pi\u00e1t is tartalmaz\u00f3 elektropor\u00e1ci\u00f3s kezel\u0151fej kiv\u00e1l\u00f3 megold\u00e1st ny\u00fajt hat\u00f3anyag-bevitelre, m\u00edg a gy\u00e9m\u00e1ntfejes, v\u00e1kuummal kombin\u00e1lt kezel\u0151fejet alkalmazhatja t\u00f6k\u00e9letes min\u0151s\u00e9g\u0171 h\u00e1mlaszt\u00e1shoz, b\u0151rtiszt\u00edt\u00e1shoz. Felhaszn\u00e1l\u00e1si ter\u00fclet:&nbsp;b\u0151rtiszt\u00edt\u00e1s, p\u00f3rustiszt\u00edt\u00e1s, elhalt h\u00e1msejtek, komed\u00f3k \u00e9s b\u0151rparazit\u00e1k elt\u00e1vol\u00edt\u00e1sa, b\u0151rl\u00e9gz\u00e9s \u00e9s v\u00e9rkering\u00e9s fokoz\u00e1sa, b\u0151rtext\u00fara jav\u00edt\u00e1sa, h\u00e1mlaszt\u00f3 kezel\u00e9sek (mikrodermabr\u00e1zi\u00f3), hat\u00f3anyagbevitel.","og_url":"https:\/\/kolleranna.hu\/?page_id=14","og_site_name":"kolleranna.hu","article_modified_time":"2024-09-15T19:05:53+00:00","og_image":[{"url":"https:\/\/kolleranna.hu\/wp-content\/uploads\/2024\/09\/hydra-beauty-facial-care-rendszer-termekkep.jpg"}],"twitter_card":"summary_large_image","twitter_misc":{"Becs\u00fclt olvas\u00e1si id\u0151":"1 perc"},"schema":{"@context":"https:\/\/schema.org","@graph":[{"@type":"WebPage","@id":"https:\/\/kolleranna.hu\/?page_id=14","url":"https:\/\/kolleranna.hu\/?page_id=14","name":"Hydra Beauty kezel\u00e9s - kolleranna.hu","isPartOf":{"@id":"https:\/\/kolleranna.hu\/#website"},"primaryImageOfPage":{"@id":"https:\/\/kolleranna.hu\/?page_id=14#primaryimage"},"image":{"@id":"https:\/\/kolleranna.hu\/?page_id=14#primaryimage"},"thumbnailUrl":"https:\/\/kolleranna.hu\/wp-content\/uploads\/2024\/09\/hydra-beauty-facial-care-rendszer-termekkep.jpg","datePublished":"2024-05-04T10:26:33+00:00","dateModified":"2024-09-15T19:05:53+00:00","breadcrumb":{"@id":"https:\/\/kolleranna.hu\/?page_id=14#breadcrumb"},"inLanguage":"hu","potentialAction":[{"@type":"ReadAction","target":["https:\/\/kolleranna.hu\/?page_id=14"]}]},{"@type":"ImageObject","inLanguage":"hu","@id":"https:\/\/kolleranna.hu\/?page_id=14#primaryimage","url":"https:\/\/kolleranna.hu\/wp-content\/uploads\/2024\/09\/hydra-beauty-facial-care-rendszer-termekkep.jpg","contentUrl":"https:\/\/kolleranna.hu\/wp-content\/uploads\/2024\/09\/hydra-beauty-facial-care-rendszer-termekkep.jpg","width":710,"height":480},{"@type":"BreadcrumbList","@id":"https:\/\/kolleranna.hu\/?page_id=14#breadcrumb","itemListElement":[{"@type":"ListItem","position":1,"name":"Kezd\u0151lap","item":"https:\/\/kolleranna.hu\/"},{"@type":"ListItem","position":2,"name":"Hydra Beauty kezel\u00e9s"}]},{"@type":"WebSite","@id":"https:\/\/kolleranna.hu\/#website","url":"https:\/\/kolleranna.hu\/","name":"kolleranna.hu","description":"kozmetikus","publisher":{"@id":"https:\/\/kolleranna.hu\/#organization"},"potentialAction":[{"@type":"SearchAction","target":{"@type":"EntryPoint","urlTemplate":"https:\/\/kolleranna.hu\/?s={search_term_string}"},"query-input":{"@type":"PropertyValueSpecification","valueRequired":true,"valueName":"search_term_string"}}],"inLanguage":"hu"},{"@type":"Organization","@id":"https:\/\/kolleranna.hu\/#organization","name":"kolleranna","url":"https:\/\/kolleranna.hu\/","logo":{"@type":"ImageObject","inLanguage":"hu","@id":"https:\/\/kolleranna.hu\/#\/schema\/logo\/image\/","url":"https:\/\/kolleranna.hu\/wp-content\/uploads\/2024\/05\/cropped-Nevtelenlogo.png","contentUrl":"https:\/\/kolleranna.hu\/wp-content\/uploads\/2024\/05\/cropped-Nevtelenlogo.png","width":548,"height":129,"caption":"kolleranna"},"image":{"@id":"https:\/\/kolleranna.hu\/#\/schema\/logo\/image\/"}}]}},"_links":{"self":[{"href":"https:\/\/kolleranna.hu\/index.php?rest_route=\/wp\/v2\/pages\/14","targetHints":{"allow":["GET"]}}],"collection":[{"href":"https:\/\/kolleranna.hu\/index.php?rest_route=\/wp\/v2\/pages"}],"about":[{"href":"https:\/\/kolleranna.hu\/index.php?rest_route=\/wp\/v2\/types\/page"}],"author":[{"embeddable":true,"href":"https:\/\/kolleranna.hu\/index.php?rest_route=\/wp\/v2\/users\/1"}],"replies":[{"embeddable":true,"href":"https:\/\/kolleranna.hu\/index.php?rest_route=%2Fwp%2Fv2%2Fcomments&post=14"}],"version-history":[{"count":2,"href":"https:\/\/kolleranna.hu\/index.php?rest_route=\/wp\/v2\/pages\/14\/revisions"}],"predecessor-version":[{"id":428,"href":"https:\/\/kolleranna.hu\/index.php?rest_route=\/wp\/v2\/pages\/14\/revisions\/428"}],"wp:attachment":[{"href":"https:\/\/kolleranna.hu\/index.php?rest_route=%2Fwp%2Fv2%2Fmedia&parent=14"}],"curies":[{"name":"wp","href":"https:\/\/api.w.org\/{rel}","templated":true}]}}