{"id":229,"date":"2024-05-21T14:38:31","date_gmt":"2024-05-21T12:38:31","guid":{"rendered":"https:\/\/kolleranna.hu\/?page_id=229"},"modified":"2024-06-06T00:30:22","modified_gmt":"2024-06-05T22:30:22","slug":"carboxy-terapia","status":"publish","type":"page","link":"https:\/\/kolleranna.hu\/?page_id=229","title":{"rendered":"Carboxy Ter\u00e1pia"},"content":{"rendered":"<div class=\"wp-block-image\">\n<figure class=\"alignright size-full is-resized\"><img loading=\"lazy\" decoding=\"async\" width=\"1000\" height=\"1000\" src=\"https:\/\/kolleranna.hu\/wp-content\/uploads\/2024\/06\/carboxy.webp\" alt=\"\" class=\"wp-image-386\" style=\"width:476px;height:auto\" srcset=\"https:\/\/kolleranna.hu\/wp-content\/uploads\/2024\/06\/carboxy.webp 1000w, https:\/\/kolleranna.hu\/wp-content\/uploads\/2024\/06\/carboxy-300x300.webp 300w, https:\/\/kolleranna.hu\/wp-content\/uploads\/2024\/06\/carboxy-150x150.webp 150w, https:\/\/kolleranna.hu\/wp-content\/uploads\/2024\/06\/carboxy-768x768.webp 768w, https:\/\/kolleranna.hu\/wp-content\/uploads\/2024\/06\/carboxy-75x75.webp 75w\" sizes=\"auto, (max-width: 1000px) 100vw, 1000px\" \/><\/figure>\n<\/div>\n\n\n<p>Non-invaz\u00edv sz\u00e9ndioxidos arckezel\u00e9s magas hat\u00f3anyag tartalommal \u00e9s extra n\u00f6v\u00e9nyi kivonatokkal.\u00a0<\/p>\n\n\n\n<p>A Carboxy sz\u00e9n-dioxid ter\u00e1pia non-invaz\u00edv kezel\u00e9se bel\u00fclr\u0151l fejti ki hat\u00e1s\u00e1t,\u00a0aktiv\u00e1lja a fibroblasztok kollag\u00e9n termel\u00e9s\u00e9t, cs\u00f6kkenti a gyullad\u00e1sos folyamatokat, jav\u00edtja a mikrokering\u00e9st, az \u00e1ltal hogy fokozza a sejtek oxig\u00e9nell\u00e1t\u00e1s\u00e1t.<\/p>\n\n\n\n<p>L\u00e1tv\u00e1nyosan megfiatal\u00edtja a b\u0151rt. Stimul\u00e1lja a kollag\u00e9n \u00e9s elasztin szint\u00e9zist.<\/p>\n\n\n\n<p>Vissza\u00e1ll\u00edtja a b\u0151r rugalmass\u00e1g\u00e1t, felt\u00f6lti a m\u00e9lyebb r\u00e1ncokat, stimul\u00e1lja a v\u00e9rkering\u00e9st.<\/p>\n\n\n\n<p>Vil\u00e1gos\u00edtja a b\u0151rt.&nbsp;El\u0151seg\u00edti a b\u0151r azonnali regener\u00e1l\u00f3d\u00e1s\u00e1t. Cs\u00f6kkenti a szem alatti s\u00f6t\u00e9t karik\u00e1kat. Cs\u00f6kkenti a gyullad\u00e1sos folyamatokat.<\/p>\n\n\n\n<p><strong>F\u0151bb hat\u00f3anyagok:<\/strong><\/p>\n\n\n\n<p>Eukaliptuszolaj,csillag\u00e1nizs kivonat, Pinus Densiflora kivonat, Koreai Angyalgy\u00f6k\u00e9r kivonat, Cnidium kivonat, Dahurica kivonat, Teniussima kivonat, Krizant\u00e9m kivonat, Jap\u00e1n lonc kivonat<\/p>\n\n\n\n<p><strong>Kinek aj\u00e1nlott a kezel\u00e9s?<\/strong><\/p>\n\n\n\n<ul class=\"wp-block-list\">\n<li>F\u00e1radt, fak\u00f3, sz\u00edntelen b\u0151rre<\/li>\n\n\n\n<li>Probl\u00e9m\u00e1s b\u0151rre<\/li>\n\n\n\n<li>Seborre\u00e1s b\u0151rre<\/li>\n\n\n\n<li>Rosace\u00e1ra<\/li>\n\n\n\n<li>Anti-age kezel\u00e9sekhez<\/li>\n\n\n\n<li>Szemk\u00f6rny\u00e9ki karik\u00e1kra<\/li>\n\n\n\n<li>\u00d6regs\u00e9gi foltokra<\/li>\n<\/ul>\n\n\n\n<p>Ez egy olyan kezel\u00e9s, mely mindenkinek aj\u00e1nlott, nincs ellenjavallata!<\/p>\n\n\n\n<p><strong>Kezel\u00e9s menete:<\/strong><\/p>\n\n\n\n<p>Az arc alapos letiszt\u00edt\u00e1sa ut\u00e1n felker\u00fcl a carboxy g\u00e9l \u00e9s maszk a b\u0151rre. A hat\u00f3id\u0151 eltelte ut\u00e1n ledter\u00e1pi\u00e1t \u00e9s nyugtat\u00f3 maszkot alkalmazunk.<\/p>\n\n\n\n<p><strong>Kezel\u00e9s hat\u00e1sa:<\/strong><\/p>\n\n\n\n<p>A b\u0151r kipihentebb, feszesebb, \u00fcd\u00e9bb lesz, a probl\u00e9m\u00e1s b\u0151r t\u00fcnetei enyh\u00fclnek.<\/p>\n\n\n\n<p><strong>Kezel\u00e9s id\u0151tartama<\/strong>: 40 perc<\/p>\n\n\n\n<p><strong>Kezel\u00e9s \u00e1ra<\/strong>: 12.000.-<\/p>\n","protected":false},"excerpt":{"rendered":"<p>Non-invaz\u00edv sz\u00e9ndioxidos arckezel\u00e9s magas hat\u00f3anyag tartalommal \u00e9s extra n\u00f6v\u00e9nyi kivonatokkal.\u00a0 A Carboxy sz\u00e9n-dioxid ter\u00e1pia non-invaz\u00edv kezel\u00e9se bel\u00fclr\u0151l fejti ki hat\u00e1s\u00e1t,\u00a0aktiv\u00e1lja a fibroblasztok kollag\u00e9n termel\u00e9s\u00e9t, cs\u00f6kkenti a gyullad\u00e1sos folyamatokat, jav\u00edtja a mikrokering\u00e9st, az \u00e1ltal hogy fokozza a sejtek oxig\u00e9nell\u00e1t\u00e1s\u00e1t. L\u00e1tv\u00e1nyosan megfiatal\u00edtja a b\u0151rt. Stimul\u00e1lja a kollag\u00e9n \u00e9s elasztin szint\u00e9zist. Vissza\u00e1ll\u00edtja a b\u0151r rugalmass\u00e1g\u00e1t, felt\u00f6lti a m\u00e9lyebb r\u00e1ncokat, stimul\u00e1lja a v\u00e9rkering\u00e9st. Vil\u00e1gos\u00edtja a b\u0151rt.&nbsp;El\u0151seg\u00edti a b\u0151r azonnali regener\u00e1l\u00f3d\u00e1s\u00e1t. Cs\u00f6kkenti a szem alatti s\u00f6t\u00e9t karik\u00e1kat. Cs\u00f6kkenti a gyullad\u00e1sos folyamatokat. F\u0151bb hat\u00f3anyagok: Eukaliptuszolaj,csillag\u00e1nizs kivonat, Pinus Densiflora kivonat, Koreai Angyalgy\u00f6k\u00e9r kivonat, Cnidium kivonat, Dahurica kivonat, Teniussima kivonat, Krizant\u00e9m kivonat, Jap\u00e1n lonc kivonat Kinek aj\u00e1nlott a kezel\u00e9s? Ez egy olyan kezel\u00e9s, mely mindenkinek aj\u00e1nlott, nincs ellenjavallata! Kezel\u00e9s menete: Az arc alapos letiszt\u00edt\u00e1sa ut\u00e1n felker\u00fcl a carboxy g\u00e9l \u00e9s maszk a b\u0151rre. A hat\u00f3id\u0151 eltelte ut\u00e1n ledter\u00e1pi\u00e1t \u00e9s nyugtat\u00f3 maszkot alkalmazunk. Kezel\u00e9s hat\u00e1sa: A b\u0151r kipihentebb, feszesebb, \u00fcd\u00e9bb lesz, a probl\u00e9m\u00e1s b\u0151r t\u00fcnetei enyh\u00fclnek. Kezel\u00e9s id\u0151tartama: 40 perc Kezel\u00e9s \u00e1ra: 12.000.-<\/p>\n","protected":false},"author":1,"featured_media":0,"parent":0,"menu_order":0,"comment_status":"closed","ping_status":"closed","template":"","meta":{"footnotes":""},"class_list":["post-229","page","type-page","status-publish","hentry"],"yoast_head":"<!-- This site is optimized with the Yoast SEO plugin v23.9 - https:\/\/yoast.com\/wordpress\/plugins\/seo\/ -->\n<title>Carboxy Ter\u00e1pia - kolleranna.hu<\/title>\n<meta name=\"robots\" content=\"index, follow, max-snippet:-1, max-image-preview:large, max-video-preview:-1\" \/>\n<link rel=\"canonical\" href=\"https:\/\/kolleranna.hu\/?page_id=229\" \/>\n<meta property=\"og:locale\" content=\"hu_HU\" \/>\n<meta property=\"og:type\" content=\"article\" \/>\n<meta property=\"og:title\" content=\"Carboxy Ter\u00e1pia - kolleranna.hu\" \/>\n<meta property=\"og:description\" content=\"Non-invaz\u00edv sz\u00e9ndioxidos arckezel\u00e9s magas hat\u00f3anyag tartalommal \u00e9s extra n\u00f6v\u00e9nyi kivonatokkal.\u00a0 A Carboxy sz\u00e9n-dioxid ter\u00e1pia non-invaz\u00edv kezel\u00e9se bel\u00fclr\u0151l fejti ki hat\u00e1s\u00e1t,\u00a0aktiv\u00e1lja a fibroblasztok kollag\u00e9n termel\u00e9s\u00e9t, cs\u00f6kkenti a gyullad\u00e1sos folyamatokat, jav\u00edtja a mikrokering\u00e9st, az \u00e1ltal hogy fokozza a sejtek oxig\u00e9nell\u00e1t\u00e1s\u00e1t. L\u00e1tv\u00e1nyosan megfiatal\u00edtja a b\u0151rt. Stimul\u00e1lja a kollag\u00e9n \u00e9s elasztin szint\u00e9zist. Vissza\u00e1ll\u00edtja a b\u0151r rugalmass\u00e1g\u00e1t, felt\u00f6lti a m\u00e9lyebb r\u00e1ncokat, stimul\u00e1lja a v\u00e9rkering\u00e9st. Vil\u00e1gos\u00edtja a b\u0151rt.&nbsp;El\u0151seg\u00edti a b\u0151r azonnali regener\u00e1l\u00f3d\u00e1s\u00e1t. Cs\u00f6kkenti a szem alatti s\u00f6t\u00e9t karik\u00e1kat. Cs\u00f6kkenti a gyullad\u00e1sos folyamatokat. F\u0151bb hat\u00f3anyagok: Eukaliptuszolaj,csillag\u00e1nizs kivonat, Pinus Densiflora kivonat, Koreai Angyalgy\u00f6k\u00e9r kivonat, Cnidium kivonat, Dahurica kivonat, Teniussima kivonat, Krizant\u00e9m kivonat, Jap\u00e1n lonc kivonat Kinek aj\u00e1nlott a kezel\u00e9s? Ez egy olyan kezel\u00e9s, mely mindenkinek aj\u00e1nlott, nincs ellenjavallata! Kezel\u00e9s menete: Az arc alapos letiszt\u00edt\u00e1sa ut\u00e1n felker\u00fcl a carboxy g\u00e9l \u00e9s maszk a b\u0151rre. A hat\u00f3id\u0151 eltelte ut\u00e1n ledter\u00e1pi\u00e1t \u00e9s nyugtat\u00f3 maszkot alkalmazunk. Kezel\u00e9s hat\u00e1sa: A b\u0151r kipihentebb, feszesebb, \u00fcd\u00e9bb lesz, a probl\u00e9m\u00e1s b\u0151r t\u00fcnetei enyh\u00fclnek. Kezel\u00e9s id\u0151tartama: 40 perc Kezel\u00e9s \u00e1ra: 12.000.-\" \/>\n<meta property=\"og:url\" content=\"https:\/\/kolleranna.hu\/?page_id=229\" \/>\n<meta property=\"og:site_name\" content=\"kolleranna.hu\" \/>\n<meta property=\"article:modified_time\" content=\"2024-06-05T22:30:22+00:00\" \/>\n<meta property=\"og:image\" content=\"https:\/\/kolleranna.hu\/wp-content\/uploads\/2024\/06\/carboxy.webp\" \/>\n<meta name=\"twitter:card\" content=\"summary_large_image\" \/>\n<meta name=\"twitter:label1\" content=\"Becs\u00fclt olvas\u00e1si id\u0151\" \/>\n\t<meta name=\"twitter:data1\" content=\"2 perc\" \/>\n<script type=\"application\/ld+json\" class=\"yoast-schema-graph\">{\"@context\":\"https:\/\/schema.org\",\"@graph\":[{\"@type\":\"WebPage\",\"@id\":\"https:\/\/kolleranna.hu\/?page_id=229\",\"url\":\"https:\/\/kolleranna.hu\/?page_id=229\",\"name\":\"Carboxy Ter\u00e1pia - kolleranna.hu\",\"isPartOf\":{\"@id\":\"https:\/\/kolleranna.hu\/#website\"},\"primaryImageOfPage\":{\"@id\":\"https:\/\/kolleranna.hu\/?page_id=229#primaryimage\"},\"image\":{\"@id\":\"https:\/\/kolleranna.hu\/?page_id=229#primaryimage\"},\"thumbnailUrl\":\"https:\/\/kolleranna.hu\/wp-content\/uploads\/2024\/06\/carboxy.webp\",\"datePublished\":\"2024-05-21T12:38:31+00:00\",\"dateModified\":\"2024-06-05T22:30:22+00:00\",\"breadcrumb\":{\"@id\":\"https:\/\/kolleranna.hu\/?page_id=229#breadcrumb\"},\"inLanguage\":\"hu\",\"potentialAction\":[{\"@type\":\"ReadAction\",\"target\":[\"https:\/\/kolleranna.hu\/?page_id=229\"]}]},{\"@type\":\"ImageObject\",\"inLanguage\":\"hu\",\"@id\":\"https:\/\/kolleranna.hu\/?page_id=229#primaryimage\",\"url\":\"https:\/\/kolleranna.hu\/wp-content\/uploads\/2024\/06\/carboxy.webp\",\"contentUrl\":\"https:\/\/kolleranna.hu\/wp-content\/uploads\/2024\/06\/carboxy.webp\",\"width\":1000,\"height\":1000},{\"@type\":\"BreadcrumbList\",\"@id\":\"https:\/\/kolleranna.hu\/?page_id=229#breadcrumb\",\"itemListElement\":[{\"@type\":\"ListItem\",\"position\":1,\"name\":\"Kezd\u0151lap\",\"item\":\"https:\/\/kolleranna.hu\/\"},{\"@type\":\"ListItem\",\"position\":2,\"name\":\"Carboxy Ter\u00e1pia\"}]},{\"@type\":\"WebSite\",\"@id\":\"https:\/\/kolleranna.hu\/#website\",\"url\":\"https:\/\/kolleranna.hu\/\",\"name\":\"kolleranna.hu\",\"description\":\"kozmetikus\",\"publisher\":{\"@id\":\"https:\/\/kolleranna.hu\/#organization\"},\"potentialAction\":[{\"@type\":\"SearchAction\",\"target\":{\"@type\":\"EntryPoint\",\"urlTemplate\":\"https:\/\/kolleranna.hu\/?s={search_term_string}\"},\"query-input\":{\"@type\":\"PropertyValueSpecification\",\"valueRequired\":true,\"valueName\":\"search_term_string\"}}],\"inLanguage\":\"hu\"},{\"@type\":\"Organization\",\"@id\":\"https:\/\/kolleranna.hu\/#organization\",\"name\":\"kolleranna\",\"url\":\"https:\/\/kolleranna.hu\/\",\"logo\":{\"@type\":\"ImageObject\",\"inLanguage\":\"hu\",\"@id\":\"https:\/\/kolleranna.hu\/#\/schema\/logo\/image\/\",\"url\":\"https:\/\/kolleranna.hu\/wp-content\/uploads\/2024\/05\/cropped-Nevtelenlogo.png\",\"contentUrl\":\"https:\/\/kolleranna.hu\/wp-content\/uploads\/2024\/05\/cropped-Nevtelenlogo.png\",\"width\":548,\"height\":129,\"caption\":\"kolleranna\"},\"image\":{\"@id\":\"https:\/\/kolleranna.hu\/#\/schema\/logo\/image\/\"}}]}<\/script>\n<!-- \/ Yoast SEO plugin. -->","yoast_head_json":{"title":"Carboxy Ter\u00e1pia - kolleranna.hu","robots":{"index":"index","follow":"follow","max-snippet":"max-snippet:-1","max-image-preview":"max-image-preview:large","max-video-preview":"max-video-preview:-1"},"canonical":"https:\/\/kolleranna.hu\/?page_id=229","og_locale":"hu_HU","og_type":"article","og_title":"Carboxy Ter\u00e1pia - kolleranna.hu","og_description":"Non-invaz\u00edv sz\u00e9ndioxidos arckezel\u00e9s magas hat\u00f3anyag tartalommal \u00e9s extra n\u00f6v\u00e9nyi kivonatokkal.\u00a0 A Carboxy sz\u00e9n-dioxid ter\u00e1pia non-invaz\u00edv kezel\u00e9se bel\u00fclr\u0151l fejti ki hat\u00e1s\u00e1t,\u00a0aktiv\u00e1lja a fibroblasztok kollag\u00e9n termel\u00e9s\u00e9t, cs\u00f6kkenti a gyullad\u00e1sos folyamatokat, jav\u00edtja a mikrokering\u00e9st, az \u00e1ltal hogy fokozza a sejtek oxig\u00e9nell\u00e1t\u00e1s\u00e1t. L\u00e1tv\u00e1nyosan megfiatal\u00edtja a b\u0151rt. Stimul\u00e1lja a kollag\u00e9n \u00e9s elasztin szint\u00e9zist. Vissza\u00e1ll\u00edtja a b\u0151r rugalmass\u00e1g\u00e1t, felt\u00f6lti a m\u00e9lyebb r\u00e1ncokat, stimul\u00e1lja a v\u00e9rkering\u00e9st. Vil\u00e1gos\u00edtja a b\u0151rt.&nbsp;El\u0151seg\u00edti a b\u0151r azonnali regener\u00e1l\u00f3d\u00e1s\u00e1t. Cs\u00f6kkenti a szem alatti s\u00f6t\u00e9t karik\u00e1kat. Cs\u00f6kkenti a gyullad\u00e1sos folyamatokat. F\u0151bb hat\u00f3anyagok: Eukaliptuszolaj,csillag\u00e1nizs kivonat, Pinus Densiflora kivonat, Koreai Angyalgy\u00f6k\u00e9r kivonat, Cnidium kivonat, Dahurica kivonat, Teniussima kivonat, Krizant\u00e9m kivonat, Jap\u00e1n lonc kivonat Kinek aj\u00e1nlott a kezel\u00e9s? Ez egy olyan kezel\u00e9s, mely mindenkinek aj\u00e1nlott, nincs ellenjavallata! Kezel\u00e9s menete: Az arc alapos letiszt\u00edt\u00e1sa ut\u00e1n felker\u00fcl a carboxy g\u00e9l \u00e9s maszk a b\u0151rre. A hat\u00f3id\u0151 eltelte ut\u00e1n ledter\u00e1pi\u00e1t \u00e9s nyugtat\u00f3 maszkot alkalmazunk. Kezel\u00e9s hat\u00e1sa: A b\u0151r kipihentebb, feszesebb, \u00fcd\u00e9bb lesz, a probl\u00e9m\u00e1s b\u0151r t\u00fcnetei enyh\u00fclnek. Kezel\u00e9s id\u0151tartama: 40 perc Kezel\u00e9s \u00e1ra: 12.000.-","og_url":"https:\/\/kolleranna.hu\/?page_id=229","og_site_name":"kolleranna.hu","article_modified_time":"2024-06-05T22:30:22+00:00","og_image":[{"url":"https:\/\/kolleranna.hu\/wp-content\/uploads\/2024\/06\/carboxy.webp"}],"twitter_card":"summary_large_image","twitter_misc":{"Becs\u00fclt olvas\u00e1si id\u0151":"2 perc"},"schema":{"@context":"https:\/\/schema.org","@graph":[{"@type":"WebPage","@id":"https:\/\/kolleranna.hu\/?page_id=229","url":"https:\/\/kolleranna.hu\/?page_id=229","name":"Carboxy Ter\u00e1pia - kolleranna.hu","isPartOf":{"@id":"https:\/\/kolleranna.hu\/#website"},"primaryImageOfPage":{"@id":"https:\/\/kolleranna.hu\/?page_id=229#primaryimage"},"image":{"@id":"https:\/\/kolleranna.hu\/?page_id=229#primaryimage"},"thumbnailUrl":"https:\/\/kolleranna.hu\/wp-content\/uploads\/2024\/06\/carboxy.webp","datePublished":"2024-05-21T12:38:31+00:00","dateModified":"2024-06-05T22:30:22+00:00","breadcrumb":{"@id":"https:\/\/kolleranna.hu\/?page_id=229#breadcrumb"},"inLanguage":"hu","potentialAction":[{"@type":"ReadAction","target":["https:\/\/kolleranna.hu\/?page_id=229"]}]},{"@type":"ImageObject","inLanguage":"hu","@id":"https:\/\/kolleranna.hu\/?page_id=229#primaryimage","url":"https:\/\/kolleranna.hu\/wp-content\/uploads\/2024\/06\/carboxy.webp","contentUrl":"https:\/\/kolleranna.hu\/wp-content\/uploads\/2024\/06\/carboxy.webp","width":1000,"height":1000},{"@type":"BreadcrumbList","@id":"https:\/\/kolleranna.hu\/?page_id=229#breadcrumb","itemListElement":[{"@type":"ListItem","position":1,"name":"Kezd\u0151lap","item":"https:\/\/kolleranna.hu\/"},{"@type":"ListItem","position":2,"name":"Carboxy Ter\u00e1pia"}]},{"@type":"WebSite","@id":"https:\/\/kolleranna.hu\/#website","url":"https:\/\/kolleranna.hu\/","name":"kolleranna.hu","description":"kozmetikus","publisher":{"@id":"https:\/\/kolleranna.hu\/#organization"},"potentialAction":[{"@type":"SearchAction","target":{"@type":"EntryPoint","urlTemplate":"https:\/\/kolleranna.hu\/?s={search_term_string}"},"query-input":{"@type":"PropertyValueSpecification","valueRequired":true,"valueName":"search_term_string"}}],"inLanguage":"hu"},{"@type":"Organization","@id":"https:\/\/kolleranna.hu\/#organization","name":"kolleranna","url":"https:\/\/kolleranna.hu\/","logo":{"@type":"ImageObject","inLanguage":"hu","@id":"https:\/\/kolleranna.hu\/#\/schema\/logo\/image\/","url":"https:\/\/kolleranna.hu\/wp-content\/uploads\/2024\/05\/cropped-Nevtelenlogo.png","contentUrl":"https:\/\/kolleranna.hu\/wp-content\/uploads\/2024\/05\/cropped-Nevtelenlogo.png","width":548,"height":129,"caption":"kolleranna"},"image":{"@id":"https:\/\/kolleranna.hu\/#\/schema\/logo\/image\/"}}]}},"_links":{"self":[{"href":"https:\/\/kolleranna.hu\/index.php?rest_route=\/wp\/v2\/pages\/229","targetHints":{"allow":["GET"]}}],"collection":[{"href":"https:\/\/kolleranna.hu\/index.php?rest_route=\/wp\/v2\/pages"}],"about":[{"href":"https:\/\/kolleranna.hu\/index.php?rest_route=\/wp\/v2\/types\/page"}],"author":[{"embeddable":true,"href":"https:\/\/kolleranna.hu\/index.php?rest_route=\/wp\/v2\/users\/1"}],"replies":[{"embeddable":true,"href":"https:\/\/kolleranna.hu\/index.php?rest_route=%2Fwp%2Fv2%2Fcomments&post=229"}],"version-history":[{"count":2,"href":"https:\/\/kolleranna.hu\/index.php?rest_route=\/wp\/v2\/pages\/229\/revisions"}],"predecessor-version":[{"id":387,"href":"https:\/\/kolleranna.hu\/index.php?rest_route=\/wp\/v2\/pages\/229\/revisions\/387"}],"wp:attachment":[{"href":"https:\/\/kolleranna.hu\/index.php?rest_route=%2Fwp%2Fv2%2Fmedia&parent=229"}],"curies":[{"name":"wp","href":"https:\/\/api.w.org\/{rel}","templated":true}]}}