{"id":390,"date":"2024-07-18T19:38:11","date_gmt":"2024-07-18T17:38:11","guid":{"rendered":"https:\/\/kolleranna.hu\/?page_id=390"},"modified":"2024-07-18T19:38:12","modified_gmt":"2024-07-18T17:38:12","slug":"inlei-szempilla-lifting","status":"publish","type":"page","link":"https:\/\/kolleranna.hu\/?page_id=390","title":{"rendered":"INLEI Szempilla lifting"},"content":{"rendered":"\n<figure class=\"wp-block-image size-large is-resized\"><img loading=\"lazy\" decoding=\"async\" width=\"567\" height=\"1024\" src=\"https:\/\/kolleranna.hu\/wp-content\/uploads\/2024\/07\/in-567x1024.jpg\" alt=\"\" class=\"wp-image-392\" style=\"width:400px;height:auto\" srcset=\"https:\/\/kolleranna.hu\/wp-content\/uploads\/2024\/07\/in-567x1024.jpg 567w, https:\/\/kolleranna.hu\/wp-content\/uploads\/2024\/07\/in-166x300.jpg 166w, https:\/\/kolleranna.hu\/wp-content\/uploads\/2024\/07\/in-768x1387.jpg 768w, https:\/\/kolleranna.hu\/wp-content\/uploads\/2024\/07\/in-850x1536.jpg 850w, https:\/\/kolleranna.hu\/wp-content\/uploads\/2024\/07\/in.jpg 928w\" sizes=\"auto, (max-width: 567px) 100vw, 567px\" \/><\/figure>\n\n\n\n<p>A leg\u00fajabb &nbsp;<strong>INLEI\u00ae<\/strong> LASH FILLER 25.9 kezel\u00e9s<\/p>\n\n\n\n<p>Az inlei lash filler egy olasz m\u00e1rka, mely folyamatosan fejleszti term\u00e9keit. Az inlei szempilla lifting nem csak,&nbsp; megemeli \u00e9s g\u00f6nd\u00f6r\u00edti a szempill\u00e1kat hanem bel\u00fclr\u0151l t\u00e1pl\u00e1lja azt, ez\u00e1lltal er\u0151sebb\u00e9, hosszabb\u00e1, f\u00e9nyesebb\u00e9 \u00e9s eg\u00e9szs\u00e9gesebb\u00e9 is teszi. M\u00e1r 3 kezel\u00e9s ut\u00e1n a szempill\u00e1k 25%-kal vastagabbak, 10%-kal hosszabbak \u00e9s 31%-kal \u00edveltebbek lesznek, a term\u00e9kekben tal\u00e1lhat\u00f3 veg\u00e1n \u00f6sszetev\u0151knek k\u00f6sz\u00f6nhet\u0151en, mint p\u00e9ld\u00e1ul a keratin, hialuron sav, amino sav, quino, n\u00f6v\u00e9nyi feh\u00e9rje. A leg\u00fajabb 4 l\u00e9p\u00e9ses kezel\u00e9sben megtal\u00e1lhat\u00f3 az inlei \u00e1ltal fejlesztett rebalancing komplex, mely mung\u00f3bab cs\u00edra \u00e9s v\u00f6r\u00f6s l\u00f3here koncentr\u00e1tumot tartalmaz. Ezek az \u00f6sszetev\u0151k a szempill\u00e1k m\u00e1ly\u00e9re hatolva helyre\u00e1ll\u00edtj\u00e1k a hajhagym\u00e1k n\u00f6veked\u00e9si ciklus\u00e1t \u00e9l\u0151seg\u00edtve ezzel a hosszabb \u00e9s d\u00fasabb szempilla n\u00f6veked\u00e9st. Az \u00faj fejleszt\u00e9snek k\u00f6sz\u00f6nhet\u0151en a kezel\u00e9s ideje is lecs\u00f6kkent.<\/p>\n\n\n\n<p>Mi\u00e9rt k\u00fcl\u00f6nleges az INLEI szempilla lifting?<\/p>\n\n\n\n<p>-term\u00e9szetesen \u00edvelt szempilla<\/p>\n\n\n\n<p>-3 kezel\u00e9s ut\u00e1n l\u00e1tv\u00e1nyosan d\u00fasabb \u00e9s hosszabb szempilla<\/p>\n\n\n\n<p>-bel\u00fclr\u0151l t\u00e1pl\u00e1lja, \u00edgy f\u00e9nyesebb \u00e9s eg\u00e9szs\u00e9gesebb szempilla<\/p>\n\n\n\n<p>-gy\u00f6ny\u00f6r\u0171 \u00e9lettel teli sz\u00ednek<\/p>\n\n\n\n<p>-l\u00e1tv\u00e1nyos szempill\u00e1kat eredm\u00e9nyez m\u0171szempill\u00e1k n\u00e9lk\u00fcl<\/p>\n\n\n\n<p>&#8211; tart\u00f3s, ak\u00e1r 6 h\u00e9tig tart\u00f3 eredm\u00e9ny<\/p>\n\n\n\n<p>A szempilla lifting hat\u00e1sa<\/p>\n\n\n\n<p>-5-6 h\u00e9tig tart\u00f3 eredm\u00e9ny<\/p>\n\n\n\n<p>A szempilla liftinget a legjobb eredm\u00e9ny el\u00e9r\u00e9se \u00e9rdek\u00e9ben 5-6 hetente c\u00e9lszer\u0171 ism\u00e9telni.<\/p>\n\n\n\n<p>Meddig tart a kezel\u00e9s?<\/p>\n\n\n\n<p>-kb 60 perc szempilla fest\u00e9ssel egy\u00fctt<\/p>\n\n\n\n<p>Szempilla lifting \u00e1ra:<\/p>\n\n\n\n<p>A kezel\u00e9s 13.000.- mely tartalmazza ig\u00e9ny eset\u00e9n a fest\u00e9st is.<\/p>\n\n\n\n<p>Kiknek aj\u00e1nlott?<\/p>\n\n\n\n<p>-Akik nem szeretn\u00e9nek, vagy nem tudnak m\u0171szempill\u00e1t viselni<\/p>\n\n\n\n<p>-Akik d\u00fasabb eg\u00e9szs\u00e9gesebb szempill\u00e1kat szeretn\u00e9nek<\/p>\n\n\n\n<p>-Akik nem akarnak minden nap szempillaspir\u00e1llal bajl\u00f3dni<\/p>\n\n\n\n<p>Kiknek nem aj\u00e1nlott?<\/p>\n\n\n\n<p>-Akiknek valamilyen szembetegs\u00e9ge van<\/p>\n\n\n\n<p>-Szemh\u00e9j tetov\u00e1l\u00e1s ut\u00e1n 6 h\u00e9tig<\/p>\n\n\n\n<p>-Szemm\u0171t\u00e9t ut\u00e1n 3 h\u00f3napig<\/p>\n\n\n\n<p>-Epilepszia, klausztrof\u00f3bia eset\u00e9n<\/p>\n\n\n\n<p>Kezel\u00e9s el\u0151tti teend\u0151k:<\/p>\n\n\n\n<p>Kezel\u00e9s napj\u00e1n ne haszn\u00e1ljunk szempillaspir\u00e1lt az eredm\u00e9ny tart\u00f3ss\u00e1ga \u00e9rdek\u00e9ben<\/p>\n\n\n\n<p>Kezel\u00e9s ut\u00e1ni teend\u0151k:<\/p>\n\n\n\n<p>A kezel\u00e9s ut\u00e1n 6 \u00f3r\u00e1ig ne \u00e9rje v\u00edz a kezelt ter\u00fcletet.<\/p>\n\n\n\n<p>Ker\u00fclj\u00fck az uszod\u00e1t, szaun\u00e1t \u00e9s a sportot a kezel\u00e9st k\u00f6vet\u0151 egy-k\u00e9t napban.<\/p>\n\n\n\n<p>El\u00f6tte-Ut\u00e1na<\/p>\n\n\n\n<figure class=\"wp-block-image size-large is-resized\"><img loading=\"lazy\" decoding=\"async\" width=\"1024\" height=\"1024\" src=\"https:\/\/kolleranna.hu\/wp-content\/uploads\/2024\/07\/szs-1024x1024.jpg\" alt=\"\" class=\"wp-image-393\" style=\"width:653px;height:auto\" srcset=\"https:\/\/kolleranna.hu\/wp-content\/uploads\/2024\/07\/szs-1024x1024.jpg 1024w, https:\/\/kolleranna.hu\/wp-content\/uploads\/2024\/07\/szs-300x300.jpg 300w, https:\/\/kolleranna.hu\/wp-content\/uploads\/2024\/07\/szs-150x150.jpg 150w, https:\/\/kolleranna.hu\/wp-content\/uploads\/2024\/07\/szs-768x768.jpg 768w, https:\/\/kolleranna.hu\/wp-content\/uploads\/2024\/07\/szs-75x75.jpg 75w, https:\/\/kolleranna.hu\/wp-content\/uploads\/2024\/07\/szs.jpg 1080w\" sizes=\"auto, (max-width: 1024px) 100vw, 1024px\" \/><\/figure>\n","protected":false},"excerpt":{"rendered":"<p>A leg\u00fajabb &nbsp;INLEI\u00ae LASH FILLER 25.9 kezel\u00e9s Az inlei lash filler egy olasz m\u00e1rka, mely folyamatosan fejleszti term\u00e9keit. Az inlei szempilla lifting nem csak,&nbsp; megemeli \u00e9s g\u00f6nd\u00f6r\u00edti a szempill\u00e1kat hanem bel\u00fclr\u0151l t\u00e1pl\u00e1lja azt, ez\u00e1lltal er\u0151sebb\u00e9, hosszabb\u00e1, f\u00e9nyesebb\u00e9 \u00e9s eg\u00e9szs\u00e9gesebb\u00e9 is teszi. M\u00e1r 3 kezel\u00e9s ut\u00e1n a szempill\u00e1k 25%-kal vastagabbak, 10%-kal hosszabbak \u00e9s 31%-kal \u00edveltebbek lesznek, a term\u00e9kekben tal\u00e1lhat\u00f3 veg\u00e1n \u00f6sszetev\u0151knek k\u00f6sz\u00f6nhet\u0151en, mint p\u00e9ld\u00e1ul a keratin, hialuron sav, amino sav, quino, n\u00f6v\u00e9nyi feh\u00e9rje. A leg\u00fajabb 4 l\u00e9p\u00e9ses kezel\u00e9sben megtal\u00e1lhat\u00f3 az inlei \u00e1ltal fejlesztett rebalancing komplex, mely mung\u00f3bab cs\u00edra \u00e9s v\u00f6r\u00f6s l\u00f3here koncentr\u00e1tumot tartalmaz. Ezek az \u00f6sszetev\u0151k a szempill\u00e1k m\u00e1ly\u00e9re hatolva helyre\u00e1ll\u00edtj\u00e1k a hajhagym\u00e1k n\u00f6veked\u00e9si ciklus\u00e1t \u00e9l\u0151seg\u00edtve ezzel a hosszabb \u00e9s d\u00fasabb szempilla n\u00f6veked\u00e9st. Az \u00faj fejleszt\u00e9snek k\u00f6sz\u00f6nhet\u0151en a kezel\u00e9s ideje is lecs\u00f6kkent. Mi\u00e9rt k\u00fcl\u00f6nleges az INLEI szempilla lifting? -term\u00e9szetesen \u00edvelt szempilla -3 kezel\u00e9s ut\u00e1n l\u00e1tv\u00e1nyosan d\u00fasabb \u00e9s hosszabb szempilla -bel\u00fclr\u0151l t\u00e1pl\u00e1lja, \u00edgy f\u00e9nyesebb \u00e9s eg\u00e9szs\u00e9gesebb szempilla -gy\u00f6ny\u00f6r\u0171 \u00e9lettel teli sz\u00ednek -l\u00e1tv\u00e1nyos szempill\u00e1kat eredm\u00e9nyez m\u0171szempill\u00e1k n\u00e9lk\u00fcl &#8211; tart\u00f3s, ak\u00e1r 6 h\u00e9tig tart\u00f3 eredm\u00e9ny A szempilla lifting hat\u00e1sa -5-6 h\u00e9tig tart\u00f3 eredm\u00e9ny A szempilla liftinget a legjobb eredm\u00e9ny el\u00e9r\u00e9se \u00e9rdek\u00e9ben 5-6 hetente c\u00e9lszer\u0171 ism\u00e9telni. Meddig tart a kezel\u00e9s? -kb 60 perc szempilla fest\u00e9ssel egy\u00fctt Szempilla lifting \u00e1ra: A kezel\u00e9s 13.000.- mely tartalmazza ig\u00e9ny eset\u00e9n a fest\u00e9st is. Kiknek aj\u00e1nlott? -Akik nem szeretn\u00e9nek, vagy nem tudnak m\u0171szempill\u00e1t viselni -Akik d\u00fasabb eg\u00e9szs\u00e9gesebb szempill\u00e1kat szeretn\u00e9nek -Akik nem akarnak minden nap szempillaspir\u00e1llal bajl\u00f3dni Kiknek nem aj\u00e1nlott? -Akiknek valamilyen szembetegs\u00e9ge van -Szemh\u00e9j tetov\u00e1l\u00e1s ut\u00e1n 6 h\u00e9tig -Szemm\u0171t\u00e9t ut\u00e1n 3 h\u00f3napig -Epilepszia, klausztrof\u00f3bia eset\u00e9n Kezel\u00e9s el\u0151tti teend\u0151k: Kezel\u00e9s napj\u00e1n ne haszn\u00e1ljunk szempillaspir\u00e1lt az eredm\u00e9ny tart\u00f3ss\u00e1ga \u00e9rdek\u00e9ben Kezel\u00e9s ut\u00e1ni teend\u0151k: A kezel\u00e9s ut\u00e1n 6 \u00f3r\u00e1ig ne \u00e9rje v\u00edz a kezelt ter\u00fcletet. Ker\u00fclj\u00fck az uszod\u00e1t, szaun\u00e1t \u00e9s a sportot a kezel\u00e9st k\u00f6vet\u0151 egy-k\u00e9t napban. El\u00f6tte-Ut\u00e1na<\/p>\n","protected":false},"author":1,"featured_media":0,"parent":0,"menu_order":0,"comment_status":"closed","ping_status":"closed","template":"","meta":{"footnotes":""},"class_list":["post-390","page","type-page","status-publish","hentry"],"yoast_head":"<!-- This site is optimized with the Yoast SEO plugin v23.9 - https:\/\/yoast.com\/wordpress\/plugins\/seo\/ -->\n<title>INLEI Szempilla lifting - kolleranna.hu<\/title>\n<meta name=\"robots\" content=\"index, follow, max-snippet:-1, max-image-preview:large, max-video-preview:-1\" \/>\n<link rel=\"canonical\" href=\"https:\/\/kolleranna.hu\/?page_id=390\" \/>\n<meta property=\"og:locale\" content=\"hu_HU\" \/>\n<meta property=\"og:type\" content=\"article\" \/>\n<meta property=\"og:title\" content=\"INLEI Szempilla lifting - kolleranna.hu\" \/>\n<meta property=\"og:description\" content=\"A leg\u00fajabb &nbsp;INLEI\u00ae LASH FILLER 25.9 kezel\u00e9s Az inlei lash filler egy olasz m\u00e1rka, mely folyamatosan fejleszti term\u00e9keit. Az inlei szempilla lifting nem csak,&nbsp; megemeli \u00e9s g\u00f6nd\u00f6r\u00edti a szempill\u00e1kat hanem bel\u00fclr\u0151l t\u00e1pl\u00e1lja azt, ez\u00e1lltal er\u0151sebb\u00e9, hosszabb\u00e1, f\u00e9nyesebb\u00e9 \u00e9s eg\u00e9szs\u00e9gesebb\u00e9 is teszi. M\u00e1r 3 kezel\u00e9s ut\u00e1n a szempill\u00e1k 25%-kal vastagabbak, 10%-kal hosszabbak \u00e9s 31%-kal \u00edveltebbek lesznek, a term\u00e9kekben tal\u00e1lhat\u00f3 veg\u00e1n \u00f6sszetev\u0151knek k\u00f6sz\u00f6nhet\u0151en, mint p\u00e9ld\u00e1ul a keratin, hialuron sav, amino sav, quino, n\u00f6v\u00e9nyi feh\u00e9rje. A leg\u00fajabb 4 l\u00e9p\u00e9ses kezel\u00e9sben megtal\u00e1lhat\u00f3 az inlei \u00e1ltal fejlesztett rebalancing komplex, mely mung\u00f3bab cs\u00edra \u00e9s v\u00f6r\u00f6s l\u00f3here koncentr\u00e1tumot tartalmaz. Ezek az \u00f6sszetev\u0151k a szempill\u00e1k m\u00e1ly\u00e9re hatolva helyre\u00e1ll\u00edtj\u00e1k a hajhagym\u00e1k n\u00f6veked\u00e9si ciklus\u00e1t \u00e9l\u0151seg\u00edtve ezzel a hosszabb \u00e9s d\u00fasabb szempilla n\u00f6veked\u00e9st. Az \u00faj fejleszt\u00e9snek k\u00f6sz\u00f6nhet\u0151en a kezel\u00e9s ideje is lecs\u00f6kkent. Mi\u00e9rt k\u00fcl\u00f6nleges az INLEI szempilla lifting? -term\u00e9szetesen \u00edvelt szempilla -3 kezel\u00e9s ut\u00e1n l\u00e1tv\u00e1nyosan d\u00fasabb \u00e9s hosszabb szempilla -bel\u00fclr\u0151l t\u00e1pl\u00e1lja, \u00edgy f\u00e9nyesebb \u00e9s eg\u00e9szs\u00e9gesebb szempilla -gy\u00f6ny\u00f6r\u0171 \u00e9lettel teli sz\u00ednek -l\u00e1tv\u00e1nyos szempill\u00e1kat eredm\u00e9nyez m\u0171szempill\u00e1k n\u00e9lk\u00fcl &#8211; tart\u00f3s, ak\u00e1r 6 h\u00e9tig tart\u00f3 eredm\u00e9ny A szempilla lifting hat\u00e1sa -5-6 h\u00e9tig tart\u00f3 eredm\u00e9ny A szempilla liftinget a legjobb eredm\u00e9ny el\u00e9r\u00e9se \u00e9rdek\u00e9ben 5-6 hetente c\u00e9lszer\u0171 ism\u00e9telni. Meddig tart a kezel\u00e9s? -kb 60 perc szempilla fest\u00e9ssel egy\u00fctt Szempilla lifting \u00e1ra: A kezel\u00e9s 13.000.- mely tartalmazza ig\u00e9ny eset\u00e9n a fest\u00e9st is. Kiknek aj\u00e1nlott? -Akik nem szeretn\u00e9nek, vagy nem tudnak m\u0171szempill\u00e1t viselni -Akik d\u00fasabb eg\u00e9szs\u00e9gesebb szempill\u00e1kat szeretn\u00e9nek -Akik nem akarnak minden nap szempillaspir\u00e1llal bajl\u00f3dni Kiknek nem aj\u00e1nlott? -Akiknek valamilyen szembetegs\u00e9ge van -Szemh\u00e9j tetov\u00e1l\u00e1s ut\u00e1n 6 h\u00e9tig -Szemm\u0171t\u00e9t ut\u00e1n 3 h\u00f3napig -Epilepszia, klausztrof\u00f3bia eset\u00e9n Kezel\u00e9s el\u0151tti teend\u0151k: Kezel\u00e9s napj\u00e1n ne haszn\u00e1ljunk szempillaspir\u00e1lt az eredm\u00e9ny tart\u00f3ss\u00e1ga \u00e9rdek\u00e9ben Kezel\u00e9s ut\u00e1ni teend\u0151k: A kezel\u00e9s ut\u00e1n 6 \u00f3r\u00e1ig ne \u00e9rje v\u00edz a kezelt ter\u00fcletet. Ker\u00fclj\u00fck az uszod\u00e1t, szaun\u00e1t \u00e9s a sportot a kezel\u00e9st k\u00f6vet\u0151 egy-k\u00e9t napban. El\u00f6tte-Ut\u00e1na\" \/>\n<meta property=\"og:url\" content=\"https:\/\/kolleranna.hu\/?page_id=390\" \/>\n<meta property=\"og:site_name\" content=\"kolleranna.hu\" \/>\n<meta property=\"article:modified_time\" content=\"2024-07-18T17:38:12+00:00\" \/>\n<meta property=\"og:image\" content=\"https:\/\/kolleranna.hu\/wp-content\/uploads\/2024\/07\/in-567x1024.jpg\" \/>\n<meta name=\"twitter:card\" content=\"summary_large_image\" \/>\n<meta name=\"twitter:label1\" content=\"Becs\u00fclt olvas\u00e1si id\u0151\" \/>\n\t<meta name=\"twitter:data1\" content=\"2 perc\" \/>\n<script type=\"application\/ld+json\" class=\"yoast-schema-graph\">{\"@context\":\"https:\/\/schema.org\",\"@graph\":[{\"@type\":\"WebPage\",\"@id\":\"https:\/\/kolleranna.hu\/?page_id=390\",\"url\":\"https:\/\/kolleranna.hu\/?page_id=390\",\"name\":\"INLEI Szempilla lifting - kolleranna.hu\",\"isPartOf\":{\"@id\":\"https:\/\/kolleranna.hu\/#website\"},\"primaryImageOfPage\":{\"@id\":\"https:\/\/kolleranna.hu\/?page_id=390#primaryimage\"},\"image\":{\"@id\":\"https:\/\/kolleranna.hu\/?page_id=390#primaryimage\"},\"thumbnailUrl\":\"https:\/\/kolleranna.hu\/wp-content\/uploads\/2024\/07\/in-567x1024.jpg\",\"datePublished\":\"2024-07-18T17:38:11+00:00\",\"dateModified\":\"2024-07-18T17:38:12+00:00\",\"breadcrumb\":{\"@id\":\"https:\/\/kolleranna.hu\/?page_id=390#breadcrumb\"},\"inLanguage\":\"hu\",\"potentialAction\":[{\"@type\":\"ReadAction\",\"target\":[\"https:\/\/kolleranna.hu\/?page_id=390\"]}]},{\"@type\":\"ImageObject\",\"inLanguage\":\"hu\",\"@id\":\"https:\/\/kolleranna.hu\/?page_id=390#primaryimage\",\"url\":\"https:\/\/kolleranna.hu\/wp-content\/uploads\/2024\/07\/in.jpg\",\"contentUrl\":\"https:\/\/kolleranna.hu\/wp-content\/uploads\/2024\/07\/in.jpg\",\"width\":928,\"height\":1676},{\"@type\":\"BreadcrumbList\",\"@id\":\"https:\/\/kolleranna.hu\/?page_id=390#breadcrumb\",\"itemListElement\":[{\"@type\":\"ListItem\",\"position\":1,\"name\":\"Kezd\u0151lap\",\"item\":\"https:\/\/kolleranna.hu\/\"},{\"@type\":\"ListItem\",\"position\":2,\"name\":\"INLEI Szempilla lifting\"}]},{\"@type\":\"WebSite\",\"@id\":\"https:\/\/kolleranna.hu\/#website\",\"url\":\"https:\/\/kolleranna.hu\/\",\"name\":\"kolleranna.hu\",\"description\":\"kozmetikus\",\"publisher\":{\"@id\":\"https:\/\/kolleranna.hu\/#organization\"},\"potentialAction\":[{\"@type\":\"SearchAction\",\"target\":{\"@type\":\"EntryPoint\",\"urlTemplate\":\"https:\/\/kolleranna.hu\/?s={search_term_string}\"},\"query-input\":{\"@type\":\"PropertyValueSpecification\",\"valueRequired\":true,\"valueName\":\"search_term_string\"}}],\"inLanguage\":\"hu\"},{\"@type\":\"Organization\",\"@id\":\"https:\/\/kolleranna.hu\/#organization\",\"name\":\"kolleranna\",\"url\":\"https:\/\/kolleranna.hu\/\",\"logo\":{\"@type\":\"ImageObject\",\"inLanguage\":\"hu\",\"@id\":\"https:\/\/kolleranna.hu\/#\/schema\/logo\/image\/\",\"url\":\"https:\/\/kolleranna.hu\/wp-content\/uploads\/2024\/05\/cropped-Nevtelenlogo.png\",\"contentUrl\":\"https:\/\/kolleranna.hu\/wp-content\/uploads\/2024\/05\/cropped-Nevtelenlogo.png\",\"width\":548,\"height\":129,\"caption\":\"kolleranna\"},\"image\":{\"@id\":\"https:\/\/kolleranna.hu\/#\/schema\/logo\/image\/\"}}]}<\/script>\n<!-- \/ Yoast SEO plugin. -->","yoast_head_json":{"title":"INLEI Szempilla lifting - kolleranna.hu","robots":{"index":"index","follow":"follow","max-snippet":"max-snippet:-1","max-image-preview":"max-image-preview:large","max-video-preview":"max-video-preview:-1"},"canonical":"https:\/\/kolleranna.hu\/?page_id=390","og_locale":"hu_HU","og_type":"article","og_title":"INLEI Szempilla lifting - kolleranna.hu","og_description":"A leg\u00fajabb &nbsp;INLEI\u00ae LASH FILLER 25.9 kezel\u00e9s Az inlei lash filler egy olasz m\u00e1rka, mely folyamatosan fejleszti term\u00e9keit. Az inlei szempilla lifting nem csak,&nbsp; megemeli \u00e9s g\u00f6nd\u00f6r\u00edti a szempill\u00e1kat hanem bel\u00fclr\u0151l t\u00e1pl\u00e1lja azt, ez\u00e1lltal er\u0151sebb\u00e9, hosszabb\u00e1, f\u00e9nyesebb\u00e9 \u00e9s eg\u00e9szs\u00e9gesebb\u00e9 is teszi. M\u00e1r 3 kezel\u00e9s ut\u00e1n a szempill\u00e1k 25%-kal vastagabbak, 10%-kal hosszabbak \u00e9s 31%-kal \u00edveltebbek lesznek, a term\u00e9kekben tal\u00e1lhat\u00f3 veg\u00e1n \u00f6sszetev\u0151knek k\u00f6sz\u00f6nhet\u0151en, mint p\u00e9ld\u00e1ul a keratin, hialuron sav, amino sav, quino, n\u00f6v\u00e9nyi feh\u00e9rje. A leg\u00fajabb 4 l\u00e9p\u00e9ses kezel\u00e9sben megtal\u00e1lhat\u00f3 az inlei \u00e1ltal fejlesztett rebalancing komplex, mely mung\u00f3bab cs\u00edra \u00e9s v\u00f6r\u00f6s l\u00f3here koncentr\u00e1tumot tartalmaz. Ezek az \u00f6sszetev\u0151k a szempill\u00e1k m\u00e1ly\u00e9re hatolva helyre\u00e1ll\u00edtj\u00e1k a hajhagym\u00e1k n\u00f6veked\u00e9si ciklus\u00e1t \u00e9l\u0151seg\u00edtve ezzel a hosszabb \u00e9s d\u00fasabb szempilla n\u00f6veked\u00e9st. Az \u00faj fejleszt\u00e9snek k\u00f6sz\u00f6nhet\u0151en a kezel\u00e9s ideje is lecs\u00f6kkent. Mi\u00e9rt k\u00fcl\u00f6nleges az INLEI szempilla lifting? -term\u00e9szetesen \u00edvelt szempilla -3 kezel\u00e9s ut\u00e1n l\u00e1tv\u00e1nyosan d\u00fasabb \u00e9s hosszabb szempilla -bel\u00fclr\u0151l t\u00e1pl\u00e1lja, \u00edgy f\u00e9nyesebb \u00e9s eg\u00e9szs\u00e9gesebb szempilla -gy\u00f6ny\u00f6r\u0171 \u00e9lettel teli sz\u00ednek -l\u00e1tv\u00e1nyos szempill\u00e1kat eredm\u00e9nyez m\u0171szempill\u00e1k n\u00e9lk\u00fcl &#8211; tart\u00f3s, ak\u00e1r 6 h\u00e9tig tart\u00f3 eredm\u00e9ny A szempilla lifting hat\u00e1sa -5-6 h\u00e9tig tart\u00f3 eredm\u00e9ny A szempilla liftinget a legjobb eredm\u00e9ny el\u00e9r\u00e9se \u00e9rdek\u00e9ben 5-6 hetente c\u00e9lszer\u0171 ism\u00e9telni. Meddig tart a kezel\u00e9s? -kb 60 perc szempilla fest\u00e9ssel egy\u00fctt Szempilla lifting \u00e1ra: A kezel\u00e9s 13.000.- mely tartalmazza ig\u00e9ny eset\u00e9n a fest\u00e9st is. Kiknek aj\u00e1nlott? -Akik nem szeretn\u00e9nek, vagy nem tudnak m\u0171szempill\u00e1t viselni -Akik d\u00fasabb eg\u00e9szs\u00e9gesebb szempill\u00e1kat szeretn\u00e9nek -Akik nem akarnak minden nap szempillaspir\u00e1llal bajl\u00f3dni Kiknek nem aj\u00e1nlott? -Akiknek valamilyen szembetegs\u00e9ge van -Szemh\u00e9j tetov\u00e1l\u00e1s ut\u00e1n 6 h\u00e9tig -Szemm\u0171t\u00e9t ut\u00e1n 3 h\u00f3napig -Epilepszia, klausztrof\u00f3bia eset\u00e9n Kezel\u00e9s el\u0151tti teend\u0151k: Kezel\u00e9s napj\u00e1n ne haszn\u00e1ljunk szempillaspir\u00e1lt az eredm\u00e9ny tart\u00f3ss\u00e1ga \u00e9rdek\u00e9ben Kezel\u00e9s ut\u00e1ni teend\u0151k: A kezel\u00e9s ut\u00e1n 6 \u00f3r\u00e1ig ne \u00e9rje v\u00edz a kezelt ter\u00fcletet. Ker\u00fclj\u00fck az uszod\u00e1t, szaun\u00e1t \u00e9s a sportot a kezel\u00e9st k\u00f6vet\u0151 egy-k\u00e9t napban. El\u00f6tte-Ut\u00e1na","og_url":"https:\/\/kolleranna.hu\/?page_id=390","og_site_name":"kolleranna.hu","article_modified_time":"2024-07-18T17:38:12+00:00","og_image":[{"url":"https:\/\/kolleranna.hu\/wp-content\/uploads\/2024\/07\/in-567x1024.jpg"}],"twitter_card":"summary_large_image","twitter_misc":{"Becs\u00fclt olvas\u00e1si id\u0151":"2 perc"},"schema":{"@context":"https:\/\/schema.org","@graph":[{"@type":"WebPage","@id":"https:\/\/kolleranna.hu\/?page_id=390","url":"https:\/\/kolleranna.hu\/?page_id=390","name":"INLEI Szempilla lifting - kolleranna.hu","isPartOf":{"@id":"https:\/\/kolleranna.hu\/#website"},"primaryImageOfPage":{"@id":"https:\/\/kolleranna.hu\/?page_id=390#primaryimage"},"image":{"@id":"https:\/\/kolleranna.hu\/?page_id=390#primaryimage"},"thumbnailUrl":"https:\/\/kolleranna.hu\/wp-content\/uploads\/2024\/07\/in-567x1024.jpg","datePublished":"2024-07-18T17:38:11+00:00","dateModified":"2024-07-18T17:38:12+00:00","breadcrumb":{"@id":"https:\/\/kolleranna.hu\/?page_id=390#breadcrumb"},"inLanguage":"hu","potentialAction":[{"@type":"ReadAction","target":["https:\/\/kolleranna.hu\/?page_id=390"]}]},{"@type":"ImageObject","inLanguage":"hu","@id":"https:\/\/kolleranna.hu\/?page_id=390#primaryimage","url":"https:\/\/kolleranna.hu\/wp-content\/uploads\/2024\/07\/in.jpg","contentUrl":"https:\/\/kolleranna.hu\/wp-content\/uploads\/2024\/07\/in.jpg","width":928,"height":1676},{"@type":"BreadcrumbList","@id":"https:\/\/kolleranna.hu\/?page_id=390#breadcrumb","itemListElement":[{"@type":"ListItem","position":1,"name":"Kezd\u0151lap","item":"https:\/\/kolleranna.hu\/"},{"@type":"ListItem","position":2,"name":"INLEI Szempilla lifting"}]},{"@type":"WebSite","@id":"https:\/\/kolleranna.hu\/#website","url":"https:\/\/kolleranna.hu\/","name":"kolleranna.hu","description":"kozmetikus","publisher":{"@id":"https:\/\/kolleranna.hu\/#organization"},"potentialAction":[{"@type":"SearchAction","target":{"@type":"EntryPoint","urlTemplate":"https:\/\/kolleranna.hu\/?s={search_term_string}"},"query-input":{"@type":"PropertyValueSpecification","valueRequired":true,"valueName":"search_term_string"}}],"inLanguage":"hu"},{"@type":"Organization","@id":"https:\/\/kolleranna.hu\/#organization","name":"kolleranna","url":"https:\/\/kolleranna.hu\/","logo":{"@type":"ImageObject","inLanguage":"hu","@id":"https:\/\/kolleranna.hu\/#\/schema\/logo\/image\/","url":"https:\/\/kolleranna.hu\/wp-content\/uploads\/2024\/05\/cropped-Nevtelenlogo.png","contentUrl":"https:\/\/kolleranna.hu\/wp-content\/uploads\/2024\/05\/cropped-Nevtelenlogo.png","width":548,"height":129,"caption":"kolleranna"},"image":{"@id":"https:\/\/kolleranna.hu\/#\/schema\/logo\/image\/"}}]}},"_links":{"self":[{"href":"https:\/\/kolleranna.hu\/index.php?rest_route=\/wp\/v2\/pages\/390","targetHints":{"allow":["GET"]}}],"collection":[{"href":"https:\/\/kolleranna.hu\/index.php?rest_route=\/wp\/v2\/pages"}],"about":[{"href":"https:\/\/kolleranna.hu\/index.php?rest_route=\/wp\/v2\/types\/page"}],"author":[{"embeddable":true,"href":"https:\/\/kolleranna.hu\/index.php?rest_route=\/wp\/v2\/users\/1"}],"replies":[{"embeddable":true,"href":"https:\/\/kolleranna.hu\/index.php?rest_route=%2Fwp%2Fv2%2Fcomments&post=390"}],"version-history":[{"count":1,"href":"https:\/\/kolleranna.hu\/index.php?rest_route=\/wp\/v2\/pages\/390\/revisions"}],"predecessor-version":[{"id":396,"href":"https:\/\/kolleranna.hu\/index.php?rest_route=\/wp\/v2\/pages\/390\/revisions\/396"}],"wp:attachment":[{"href":"https:\/\/kolleranna.hu\/index.php?rest_route=%2Fwp%2Fv2%2Fmedia&parent=390"}],"curies":[{"name":"wp","href":"https:\/\/api.w.org\/{rel}","templated":true}]}}