{"id":489,"date":"2024-11-30T22:35:53","date_gmt":"2024-11-30T21:35:53","guid":{"rendered":"https:\/\/kolleranna.hu\/?page_id=489"},"modified":"2024-11-30T22:46:37","modified_gmt":"2024-11-30T21:46:37","slug":"ie-esthederm-luxus-kezelesek","status":"publish","type":"page","link":"https:\/\/kolleranna.hu\/?page_id=489","title":{"rendered":"IE Esthederm luxus kezel\u00e9sek \u00e9s term\u00e9kek"},"content":{"rendered":"\n<figure class=\"wp-block-image size-full is-resized\"><img loading=\"lazy\" decoding=\"async\" width=\"565\" height=\"247\" src=\"https:\/\/kolleranna.hu\/wp-content\/uploads\/2024\/11\/ielogo-1.jpg\" alt=\"\" class=\"wp-image-490\" style=\"width:769px;height:auto\" srcset=\"https:\/\/kolleranna.hu\/wp-content\/uploads\/2024\/11\/ielogo-1.jpg 565w, https:\/\/kolleranna.hu\/wp-content\/uploads\/2024\/11\/ielogo-1-300x131.jpg 300w\" sizes=\"auto, (max-width: 565px) 100vw, 565px\" \/><\/figure>\n\n\n\n<p>\u00d6kobiol\u00f3gia az eszt\u00e9tika szolg\u00e1lat\u00e1ban. A sz\u00e9ps\u00e9g hossz\u00fat\u00e1v\u00fa t\u00e1mogat\u00e1sa \u00e9rdek\u00e9ben.<\/p>\n\n\n\n<figure class=\"wp-block-image size-large\"><img loading=\"lazy\" decoding=\"async\" width=\"724\" height=\"1024\" src=\"https:\/\/kolleranna.hu\/wp-content\/uploads\/2024\/11\/White-Marble-Beauty-Salon-Price-List-A4-Document-724x1024.png\" alt=\"\" class=\"wp-image-491\" srcset=\"https:\/\/kolleranna.hu\/wp-content\/uploads\/2024\/11\/White-Marble-Beauty-Salon-Price-List-A4-Document-724x1024.png 724w, https:\/\/kolleranna.hu\/wp-content\/uploads\/2024\/11\/White-Marble-Beauty-Salon-Price-List-A4-Document-212x300.png 212w, https:\/\/kolleranna.hu\/wp-content\/uploads\/2024\/11\/White-Marble-Beauty-Salon-Price-List-A4-Document-768x1086.png 768w, https:\/\/kolleranna.hu\/wp-content\/uploads\/2024\/11\/White-Marble-Beauty-Salon-Price-List-A4-Document-1086x1536.png 1086w, https:\/\/kolleranna.hu\/wp-content\/uploads\/2024\/11\/White-Marble-Beauty-Salon-Price-List-A4-Document-1140x1612.png 1140w, https:\/\/kolleranna.hu\/wp-content\/uploads\/2024\/11\/White-Marble-Beauty-Salon-Price-List-A4-Document.png 1414w\" sizes=\"auto, (max-width: 724px) 100vw, 724px\" \/><\/figure>\n\n\n\n<p><\/p>\n\n\n\n<figure class=\"wp-block-image size-large\"><img loading=\"lazy\" decoding=\"async\" width=\"724\" height=\"1024\" src=\"https:\/\/kolleranna.hu\/wp-content\/uploads\/2024\/11\/arlista-724x1024.png\" alt=\"\" class=\"wp-image-497\" srcset=\"https:\/\/kolleranna.hu\/wp-content\/uploads\/2024\/11\/arlista-724x1024.png 724w, https:\/\/kolleranna.hu\/wp-content\/uploads\/2024\/11\/arlista-212x300.png 212w, https:\/\/kolleranna.hu\/wp-content\/uploads\/2024\/11\/arlista-768x1086.png 768w, https:\/\/kolleranna.hu\/wp-content\/uploads\/2024\/11\/arlista-1086x1536.png 1086w, https:\/\/kolleranna.hu\/wp-content\/uploads\/2024\/11\/arlista-1140x1612.png 1140w, https:\/\/kolleranna.hu\/wp-content\/uploads\/2024\/11\/arlista.png 1414w\" sizes=\"auto, (max-width: 724px) 100vw, 724px\" \/><\/figure>\n\n\n\n<p><\/p>\n\n\n\n<figure class=\"wp-block-image size-large\"><img loading=\"lazy\" decoding=\"async\" width=\"724\" height=\"1024\" src=\"https:\/\/kolleranna.hu\/wp-content\/uploads\/2024\/11\/arlista-1-724x1024.png\" alt=\"\" class=\"wp-image-496\" srcset=\"https:\/\/kolleranna.hu\/wp-content\/uploads\/2024\/11\/arlista-1-724x1024.png 724w, https:\/\/kolleranna.hu\/wp-content\/uploads\/2024\/11\/arlista-1-212x300.png 212w, https:\/\/kolleranna.hu\/wp-content\/uploads\/2024\/11\/arlista-1-768x1086.png 768w, https:\/\/kolleranna.hu\/wp-content\/uploads\/2024\/11\/arlista-1-1086x1536.png 1086w, https:\/\/kolleranna.hu\/wp-content\/uploads\/2024\/11\/arlista-1-1140x1612.png 1140w, https:\/\/kolleranna.hu\/wp-content\/uploads\/2024\/11\/arlista-1.png 1414w\" sizes=\"auto, (max-width: 724px) 100vw, 724px\" \/><\/figure>\n","protected":false},"excerpt":{"rendered":"<p>\u00d6kobiol\u00f3gia az eszt\u00e9tika szolg\u00e1lat\u00e1ban. A sz\u00e9ps\u00e9g hossz\u00fat\u00e1v\u00fa t\u00e1mogat\u00e1sa \u00e9rdek\u00e9ben.<\/p>\n","protected":false},"author":1,"featured_media":0,"parent":0,"menu_order":0,"comment_status":"closed","ping_status":"closed","template":"","meta":{"footnotes":""},"class_list":["post-489","page","type-page","status-publish","hentry"],"yoast_head":"<!-- This site is optimized with the Yoast SEO plugin v23.9 - https:\/\/yoast.com\/wordpress\/plugins\/seo\/ -->\n<title>IE Esthederm luxus kezel\u00e9sek \u00e9s term\u00e9kek - kolleranna.hu<\/title>\n<meta name=\"robots\" content=\"index, follow, max-snippet:-1, max-image-preview:large, max-video-preview:-1\" \/>\n<link rel=\"canonical\" href=\"https:\/\/kolleranna.hu\/?page_id=489\" \/>\n<meta property=\"og:locale\" content=\"hu_HU\" \/>\n<meta property=\"og:type\" content=\"article\" \/>\n<meta property=\"og:title\" content=\"IE Esthederm luxus kezel\u00e9sek \u00e9s term\u00e9kek - kolleranna.hu\" \/>\n<meta property=\"og:description\" content=\"\u00d6kobiol\u00f3gia az eszt\u00e9tika szolg\u00e1lat\u00e1ban. A sz\u00e9ps\u00e9g hossz\u00fat\u00e1v\u00fa t\u00e1mogat\u00e1sa \u00e9rdek\u00e9ben.\" \/>\n<meta property=\"og:url\" content=\"https:\/\/kolleranna.hu\/?page_id=489\" \/>\n<meta property=\"og:site_name\" content=\"kolleranna.hu\" \/>\n<meta property=\"article:modified_time\" content=\"2024-11-30T21:46:37+00:00\" \/>\n<meta property=\"og:image\" content=\"https:\/\/kolleranna.hu\/wp-content\/uploads\/2024\/11\/ielogo-1.jpg\" \/>\n<meta name=\"twitter:card\" content=\"summary_large_image\" \/>\n<meta name=\"twitter:label1\" content=\"Becs\u00fclt olvas\u00e1si id\u0151\" \/>\n\t<meta name=\"twitter:data1\" content=\"1 perc\" \/>\n<script type=\"application\/ld+json\" class=\"yoast-schema-graph\">{\"@context\":\"https:\/\/schema.org\",\"@graph\":[{\"@type\":\"WebPage\",\"@id\":\"https:\/\/kolleranna.hu\/?page_id=489\",\"url\":\"https:\/\/kolleranna.hu\/?page_id=489\",\"name\":\"IE Esthederm luxus kezel\u00e9sek \u00e9s term\u00e9kek - kolleranna.hu\",\"isPartOf\":{\"@id\":\"https:\/\/kolleranna.hu\/#website\"},\"primaryImageOfPage\":{\"@id\":\"https:\/\/kolleranna.hu\/?page_id=489#primaryimage\"},\"image\":{\"@id\":\"https:\/\/kolleranna.hu\/?page_id=489#primaryimage\"},\"thumbnailUrl\":\"https:\/\/kolleranna.hu\/wp-content\/uploads\/2024\/11\/ielogo-1.jpg\",\"datePublished\":\"2024-11-30T21:35:53+00:00\",\"dateModified\":\"2024-11-30T21:46:37+00:00\",\"breadcrumb\":{\"@id\":\"https:\/\/kolleranna.hu\/?page_id=489#breadcrumb\"},\"inLanguage\":\"hu\",\"potentialAction\":[{\"@type\":\"ReadAction\",\"target\":[\"https:\/\/kolleranna.hu\/?page_id=489\"]}]},{\"@type\":\"ImageObject\",\"inLanguage\":\"hu\",\"@id\":\"https:\/\/kolleranna.hu\/?page_id=489#primaryimage\",\"url\":\"https:\/\/kolleranna.hu\/wp-content\/uploads\/2024\/11\/ielogo-1.jpg\",\"contentUrl\":\"https:\/\/kolleranna.hu\/wp-content\/uploads\/2024\/11\/ielogo-1.jpg\",\"width\":565,\"height\":247},{\"@type\":\"BreadcrumbList\",\"@id\":\"https:\/\/kolleranna.hu\/?page_id=489#breadcrumb\",\"itemListElement\":[{\"@type\":\"ListItem\",\"position\":1,\"name\":\"Kezd\u0151lap\",\"item\":\"https:\/\/kolleranna.hu\/\"},{\"@type\":\"ListItem\",\"position\":2,\"name\":\"IE Esthederm luxus kezel\u00e9sek \u00e9s term\u00e9kek\"}]},{\"@type\":\"WebSite\",\"@id\":\"https:\/\/kolleranna.hu\/#website\",\"url\":\"https:\/\/kolleranna.hu\/\",\"name\":\"kolleranna.hu\",\"description\":\"kozmetikus\",\"publisher\":{\"@id\":\"https:\/\/kolleranna.hu\/#organization\"},\"potentialAction\":[{\"@type\":\"SearchAction\",\"target\":{\"@type\":\"EntryPoint\",\"urlTemplate\":\"https:\/\/kolleranna.hu\/?s={search_term_string}\"},\"query-input\":{\"@type\":\"PropertyValueSpecification\",\"valueRequired\":true,\"valueName\":\"search_term_string\"}}],\"inLanguage\":\"hu\"},{\"@type\":\"Organization\",\"@id\":\"https:\/\/kolleranna.hu\/#organization\",\"name\":\"kolleranna\",\"url\":\"https:\/\/kolleranna.hu\/\",\"logo\":{\"@type\":\"ImageObject\",\"inLanguage\":\"hu\",\"@id\":\"https:\/\/kolleranna.hu\/#\/schema\/logo\/image\/\",\"url\":\"https:\/\/kolleranna.hu\/wp-content\/uploads\/2024\/05\/cropped-Nevtelenlogo.png\",\"contentUrl\":\"https:\/\/kolleranna.hu\/wp-content\/uploads\/2024\/05\/cropped-Nevtelenlogo.png\",\"width\":548,\"height\":129,\"caption\":\"kolleranna\"},\"image\":{\"@id\":\"https:\/\/kolleranna.hu\/#\/schema\/logo\/image\/\"}}]}<\/script>\n<!-- \/ Yoast SEO plugin. -->","yoast_head_json":{"title":"IE Esthederm luxus kezel\u00e9sek \u00e9s term\u00e9kek - kolleranna.hu","robots":{"index":"index","follow":"follow","max-snippet":"max-snippet:-1","max-image-preview":"max-image-preview:large","max-video-preview":"max-video-preview:-1"},"canonical":"https:\/\/kolleranna.hu\/?page_id=489","og_locale":"hu_HU","og_type":"article","og_title":"IE Esthederm luxus kezel\u00e9sek \u00e9s term\u00e9kek - kolleranna.hu","og_description":"\u00d6kobiol\u00f3gia az eszt\u00e9tika szolg\u00e1lat\u00e1ban. A sz\u00e9ps\u00e9g hossz\u00fat\u00e1v\u00fa t\u00e1mogat\u00e1sa \u00e9rdek\u00e9ben.","og_url":"https:\/\/kolleranna.hu\/?page_id=489","og_site_name":"kolleranna.hu","article_modified_time":"2024-11-30T21:46:37+00:00","og_image":[{"url":"https:\/\/kolleranna.hu\/wp-content\/uploads\/2024\/11\/ielogo-1.jpg"}],"twitter_card":"summary_large_image","twitter_misc":{"Becs\u00fclt olvas\u00e1si id\u0151":"1 perc"},"schema":{"@context":"https:\/\/schema.org","@graph":[{"@type":"WebPage","@id":"https:\/\/kolleranna.hu\/?page_id=489","url":"https:\/\/kolleranna.hu\/?page_id=489","name":"IE Esthederm luxus kezel\u00e9sek \u00e9s term\u00e9kek - kolleranna.hu","isPartOf":{"@id":"https:\/\/kolleranna.hu\/#website"},"primaryImageOfPage":{"@id":"https:\/\/kolleranna.hu\/?page_id=489#primaryimage"},"image":{"@id":"https:\/\/kolleranna.hu\/?page_id=489#primaryimage"},"thumbnailUrl":"https:\/\/kolleranna.hu\/wp-content\/uploads\/2024\/11\/ielogo-1.jpg","datePublished":"2024-11-30T21:35:53+00:00","dateModified":"2024-11-30T21:46:37+00:00","breadcrumb":{"@id":"https:\/\/kolleranna.hu\/?page_id=489#breadcrumb"},"inLanguage":"hu","potentialAction":[{"@type":"ReadAction","target":["https:\/\/kolleranna.hu\/?page_id=489"]}]},{"@type":"ImageObject","inLanguage":"hu","@id":"https:\/\/kolleranna.hu\/?page_id=489#primaryimage","url":"https:\/\/kolleranna.hu\/wp-content\/uploads\/2024\/11\/ielogo-1.jpg","contentUrl":"https:\/\/kolleranna.hu\/wp-content\/uploads\/2024\/11\/ielogo-1.jpg","width":565,"height":247},{"@type":"BreadcrumbList","@id":"https:\/\/kolleranna.hu\/?page_id=489#breadcrumb","itemListElement":[{"@type":"ListItem","position":1,"name":"Kezd\u0151lap","item":"https:\/\/kolleranna.hu\/"},{"@type":"ListItem","position":2,"name":"IE Esthederm luxus kezel\u00e9sek \u00e9s term\u00e9kek"}]},{"@type":"WebSite","@id":"https:\/\/kolleranna.hu\/#website","url":"https:\/\/kolleranna.hu\/","name":"kolleranna.hu","description":"kozmetikus","publisher":{"@id":"https:\/\/kolleranna.hu\/#organization"},"potentialAction":[{"@type":"SearchAction","target":{"@type":"EntryPoint","urlTemplate":"https:\/\/kolleranna.hu\/?s={search_term_string}"},"query-input":{"@type":"PropertyValueSpecification","valueRequired":true,"valueName":"search_term_string"}}],"inLanguage":"hu"},{"@type":"Organization","@id":"https:\/\/kolleranna.hu\/#organization","name":"kolleranna","url":"https:\/\/kolleranna.hu\/","logo":{"@type":"ImageObject","inLanguage":"hu","@id":"https:\/\/kolleranna.hu\/#\/schema\/logo\/image\/","url":"https:\/\/kolleranna.hu\/wp-content\/uploads\/2024\/05\/cropped-Nevtelenlogo.png","contentUrl":"https:\/\/kolleranna.hu\/wp-content\/uploads\/2024\/05\/cropped-Nevtelenlogo.png","width":548,"height":129,"caption":"kolleranna"},"image":{"@id":"https:\/\/kolleranna.hu\/#\/schema\/logo\/image\/"}}]}},"_links":{"self":[{"href":"https:\/\/kolleranna.hu\/index.php?rest_route=\/wp\/v2\/pages\/489","targetHints":{"allow":["GET"]}}],"collection":[{"href":"https:\/\/kolleranna.hu\/index.php?rest_route=\/wp\/v2\/pages"}],"about":[{"href":"https:\/\/kolleranna.hu\/index.php?rest_route=\/wp\/v2\/types\/page"}],"author":[{"embeddable":true,"href":"https:\/\/kolleranna.hu\/index.php?rest_route=\/wp\/v2\/users\/1"}],"replies":[{"embeddable":true,"href":"https:\/\/kolleranna.hu\/index.php?rest_route=%2Fwp%2Fv2%2Fcomments&post=489"}],"version-history":[{"count":3,"href":"https:\/\/kolleranna.hu\/index.php?rest_route=\/wp\/v2\/pages\/489\/revisions"}],"predecessor-version":[{"id":500,"href":"https:\/\/kolleranna.hu\/index.php?rest_route=\/wp\/v2\/pages\/489\/revisions\/500"}],"wp:attachment":[{"href":"https:\/\/kolleranna.hu\/index.php?rest_route=%2Fwp%2Fv2%2Fmedia&parent=489"}],"curies":[{"name":"wp","href":"https:\/\/api.w.org\/{rel}","templated":true}]}}