{"id":49,"date":"2024-05-04T12:52:05","date_gmt":"2024-05-04T10:52:05","guid":{"rendered":"http:\/\/kolleranna.hu\/?page_id=49"},"modified":"2024-07-18T19:55:46","modified_gmt":"2024-07-18T17:55:46","slug":"kapcsolat","status":"publish","type":"page","link":"https:\/\/kolleranna.hu\/?page_id=49","title":{"rendered":"KAPCSOLAT"},"content":{"rendered":"\n<p><strong>Online id\u0151pont foglal\u00e1s:<\/strong><\/p>\n\n\n\n<p><a href=\"https:\/\/bwnet.hu\/partner\/kollerannakozmetikus\">https:\/\/bwnet.hu\/partner\/kollerannakozmetikus<\/a><\/p>\n\n\n\n<p>Kedves Vend\u00e9gem, amennyiben bizonytalan vagy, hogy melyik kezel\u00e9s sz\u00e1modra a legmegfelel\u0151bb, \u00fagy v\u00e1laszd az EGYEDI KEZEL\u00c9S 90 PERC szolg\u00e1lat\u00e1st.<\/p>\n\n\n\n<p><\/p>\n\n\n\n<p>Telefonsz\u00e1m: <\/p>\n\n\n\n<p>+36-30-387-0207<\/p>\n\n\n\n<p>C\u00edm: <\/p>\n\n\n\n<p>1048 Budapest, Homokt\u00f6vis utca 105, RIENNE hair &amp; beauty sz\u00e9ps\u00e9gszalon (volt Homokt\u00f6vis szalon)<\/p>\n\n\n\n<figure class=\"wp-block-image size-large\"><img loading=\"lazy\" decoding=\"async\" width=\"1024\" height=\"502\" src=\"https:\/\/kolleranna.hu\/wp-content\/uploads\/2024\/07\/r20240717_122332-1-1024x502.jpg\" alt=\"\" class=\"wp-image-400\" srcset=\"https:\/\/kolleranna.hu\/wp-content\/uploads\/2024\/07\/r20240717_122332-1-1024x502.jpg 1024w, https:\/\/kolleranna.hu\/wp-content\/uploads\/2024\/07\/r20240717_122332-1-300x147.jpg 300w, https:\/\/kolleranna.hu\/wp-content\/uploads\/2024\/07\/r20240717_122332-1-768x377.jpg 768w, https:\/\/kolleranna.hu\/wp-content\/uploads\/2024\/07\/r20240717_122332-1-1536x753.jpg 1536w, https:\/\/kolleranna.hu\/wp-content\/uploads\/2024\/07\/r20240717_122332-1-2048x1005.jpg 2048w, https:\/\/kolleranna.hu\/wp-content\/uploads\/2024\/07\/r20240717_122332-1-1140x559.jpg 1140w\" sizes=\"auto, (max-width: 1024px) 100vw, 1024px\" \/><\/figure>\n\n\n\n<p><a href=\"https:\/\/maps.app.goo.gl\/vpQYeN7JvSDD3Vei9\">https:\/\/maps.app.goo.gl\/vpQYeN7JvSDD3Vei9<\/a><\/p>\n\n\n\n<p>E-mail:<\/p>\n\n\n\n<p>mail.koller.anna@gmail.com<\/p>\n\n\n\n<p>Facebook<\/p>\n\n\n\n<p><a href=\"https:\/\/www.facebook.com\/profile.php?id=61560204021478\">https:\/\/www.facebook.com\/profile.php?id=61560204021478<\/a><\/p>\n\n\n\n<p>Instagram<\/p>\n\n\n\n<p><a href=\"https:\/\/www.instagram.com\/kollerannabeauty\">https:\/\/www.instagram.com\/kollerannabeauty<\/a><\/p>\n","protected":false},"excerpt":{"rendered":"<p>Online id\u0151pont foglal\u00e1s: https:\/\/bwnet.hu\/partner\/kollerannakozmetikus Kedves Vend\u00e9gem, amennyiben bizonytalan vagy, hogy melyik kezel\u00e9s sz\u00e1modra a legmegfelel\u0151bb, \u00fagy v\u00e1laszd az EGYEDI KEZEL\u00c9S 90 PERC szolg\u00e1lat\u00e1st. Telefonsz\u00e1m: +36-30-387-0207 C\u00edm: 1048 Budapest, Homokt\u00f6vis utca 105, RIENNE hair &amp; beauty sz\u00e9ps\u00e9gszalon (volt Homokt\u00f6vis szalon) https:\/\/maps.app.goo.gl\/vpQYeN7JvSDD3Vei9 E-mail: mail.koller.anna@gmail.com Facebook https:\/\/www.facebook.com\/profile.php?id=61560204021478 Instagram https:\/\/www.instagram.com\/kollerannabeauty<\/p>\n","protected":false},"author":1,"featured_media":0,"parent":0,"menu_order":0,"comment_status":"closed","ping_status":"closed","template":"","meta":{"footnotes":""},"class_list":["post-49","page","type-page","status-publish","hentry"],"yoast_head":"<!-- This site is optimized with the Yoast SEO plugin v23.9 - https:\/\/yoast.com\/wordpress\/plugins\/seo\/ -->\n<title>KAPCSOLAT - kolleranna.hu<\/title>\n<meta name=\"robots\" content=\"index, follow, max-snippet:-1, max-image-preview:large, max-video-preview:-1\" \/>\n<link rel=\"canonical\" href=\"https:\/\/kolleranna.hu\/?page_id=49\" \/>\n<meta property=\"og:locale\" content=\"hu_HU\" \/>\n<meta property=\"og:type\" content=\"article\" \/>\n<meta property=\"og:title\" content=\"KAPCSOLAT - kolleranna.hu\" \/>\n<meta property=\"og:description\" content=\"Online id\u0151pont foglal\u00e1s: https:\/\/bwnet.hu\/partner\/kollerannakozmetikus Kedves Vend\u00e9gem, amennyiben bizonytalan vagy, hogy melyik kezel\u00e9s sz\u00e1modra a legmegfelel\u0151bb, \u00fagy v\u00e1laszd az EGYEDI KEZEL\u00c9S 90 PERC szolg\u00e1lat\u00e1st. Telefonsz\u00e1m: +36-30-387-0207 C\u00edm: 1048 Budapest, Homokt\u00f6vis utca 105, RIENNE hair &amp; beauty sz\u00e9ps\u00e9gszalon (volt Homokt\u00f6vis szalon) https:\/\/maps.app.goo.gl\/vpQYeN7JvSDD3Vei9 E-mail: mail.koller.anna@gmail.com Facebook https:\/\/www.facebook.com\/profile.php?id=61560204021478 Instagram https:\/\/www.instagram.com\/kollerannabeauty\" \/>\n<meta property=\"og:url\" content=\"https:\/\/kolleranna.hu\/?page_id=49\" \/>\n<meta property=\"og:site_name\" content=\"kolleranna.hu\" \/>\n<meta property=\"article:modified_time\" content=\"2024-07-18T17:55:46+00:00\" \/>\n<meta property=\"og:image\" content=\"https:\/\/kolleranna.hu\/wp-content\/uploads\/2024\/07\/r20240717_122332-1-1024x502.jpg\" \/>\n<meta name=\"twitter:card\" content=\"summary_large_image\" \/>\n<meta name=\"twitter:label1\" content=\"Becs\u00fclt olvas\u00e1si id\u0151\" \/>\n\t<meta name=\"twitter:data1\" content=\"1 perc\" \/>\n<script type=\"application\/ld+json\" class=\"yoast-schema-graph\">{\"@context\":\"https:\/\/schema.org\",\"@graph\":[{\"@type\":\"WebPage\",\"@id\":\"https:\/\/kolleranna.hu\/?page_id=49\",\"url\":\"https:\/\/kolleranna.hu\/?page_id=49\",\"name\":\"KAPCSOLAT - kolleranna.hu\",\"isPartOf\":{\"@id\":\"https:\/\/kolleranna.hu\/#website\"},\"primaryImageOfPage\":{\"@id\":\"https:\/\/kolleranna.hu\/?page_id=49#primaryimage\"},\"image\":{\"@id\":\"https:\/\/kolleranna.hu\/?page_id=49#primaryimage\"},\"thumbnailUrl\":\"https:\/\/kolleranna.hu\/wp-content\/uploads\/2024\/07\/r20240717_122332-1-1024x502.jpg\",\"datePublished\":\"2024-05-04T10:52:05+00:00\",\"dateModified\":\"2024-07-18T17:55:46+00:00\",\"breadcrumb\":{\"@id\":\"https:\/\/kolleranna.hu\/?page_id=49#breadcrumb\"},\"inLanguage\":\"hu\",\"potentialAction\":[{\"@type\":\"ReadAction\",\"target\":[\"https:\/\/kolleranna.hu\/?page_id=49\"]}]},{\"@type\":\"ImageObject\",\"inLanguage\":\"hu\",\"@id\":\"https:\/\/kolleranna.hu\/?page_id=49#primaryimage\",\"url\":\"https:\/\/kolleranna.hu\/wp-content\/uploads\/2024\/07\/r20240717_122332-1-scaled.jpg\",\"contentUrl\":\"https:\/\/kolleranna.hu\/wp-content\/uploads\/2024\/07\/r20240717_122332-1-scaled.jpg\",\"width\":2560,\"height\":1256},{\"@type\":\"BreadcrumbList\",\"@id\":\"https:\/\/kolleranna.hu\/?page_id=49#breadcrumb\",\"itemListElement\":[{\"@type\":\"ListItem\",\"position\":1,\"name\":\"Kezd\u0151lap\",\"item\":\"https:\/\/kolleranna.hu\/\"},{\"@type\":\"ListItem\",\"position\":2,\"name\":\"KAPCSOLAT\"}]},{\"@type\":\"WebSite\",\"@id\":\"https:\/\/kolleranna.hu\/#website\",\"url\":\"https:\/\/kolleranna.hu\/\",\"name\":\"kolleranna.hu\",\"description\":\"kozmetikus\",\"publisher\":{\"@id\":\"https:\/\/kolleranna.hu\/#organization\"},\"potentialAction\":[{\"@type\":\"SearchAction\",\"target\":{\"@type\":\"EntryPoint\",\"urlTemplate\":\"https:\/\/kolleranna.hu\/?s={search_term_string}\"},\"query-input\":{\"@type\":\"PropertyValueSpecification\",\"valueRequired\":true,\"valueName\":\"search_term_string\"}}],\"inLanguage\":\"hu\"},{\"@type\":\"Organization\",\"@id\":\"https:\/\/kolleranna.hu\/#organization\",\"name\":\"kolleranna\",\"url\":\"https:\/\/kolleranna.hu\/\",\"logo\":{\"@type\":\"ImageObject\",\"inLanguage\":\"hu\",\"@id\":\"https:\/\/kolleranna.hu\/#\/schema\/logo\/image\/\",\"url\":\"https:\/\/kolleranna.hu\/wp-content\/uploads\/2024\/05\/cropped-Nevtelenlogo.png\",\"contentUrl\":\"https:\/\/kolleranna.hu\/wp-content\/uploads\/2024\/05\/cropped-Nevtelenlogo.png\",\"width\":548,\"height\":129,\"caption\":\"kolleranna\"},\"image\":{\"@id\":\"https:\/\/kolleranna.hu\/#\/schema\/logo\/image\/\"}}]}<\/script>\n<!-- \/ Yoast SEO plugin. -->","yoast_head_json":{"title":"KAPCSOLAT - kolleranna.hu","robots":{"index":"index","follow":"follow","max-snippet":"max-snippet:-1","max-image-preview":"max-image-preview:large","max-video-preview":"max-video-preview:-1"},"canonical":"https:\/\/kolleranna.hu\/?page_id=49","og_locale":"hu_HU","og_type":"article","og_title":"KAPCSOLAT - kolleranna.hu","og_description":"Online id\u0151pont foglal\u00e1s: https:\/\/bwnet.hu\/partner\/kollerannakozmetikus Kedves Vend\u00e9gem, amennyiben bizonytalan vagy, hogy melyik kezel\u00e9s sz\u00e1modra a legmegfelel\u0151bb, \u00fagy v\u00e1laszd az EGYEDI KEZEL\u00c9S 90 PERC szolg\u00e1lat\u00e1st. Telefonsz\u00e1m: +36-30-387-0207 C\u00edm: 1048 Budapest, Homokt\u00f6vis utca 105, RIENNE hair &amp; beauty sz\u00e9ps\u00e9gszalon (volt Homokt\u00f6vis szalon) https:\/\/maps.app.goo.gl\/vpQYeN7JvSDD3Vei9 E-mail: mail.koller.anna@gmail.com Facebook https:\/\/www.facebook.com\/profile.php?id=61560204021478 Instagram https:\/\/www.instagram.com\/kollerannabeauty","og_url":"https:\/\/kolleranna.hu\/?page_id=49","og_site_name":"kolleranna.hu","article_modified_time":"2024-07-18T17:55:46+00:00","og_image":[{"url":"https:\/\/kolleranna.hu\/wp-content\/uploads\/2024\/07\/r20240717_122332-1-1024x502.jpg"}],"twitter_card":"summary_large_image","twitter_misc":{"Becs\u00fclt olvas\u00e1si id\u0151":"1 perc"},"schema":{"@context":"https:\/\/schema.org","@graph":[{"@type":"WebPage","@id":"https:\/\/kolleranna.hu\/?page_id=49","url":"https:\/\/kolleranna.hu\/?page_id=49","name":"KAPCSOLAT - kolleranna.hu","isPartOf":{"@id":"https:\/\/kolleranna.hu\/#website"},"primaryImageOfPage":{"@id":"https:\/\/kolleranna.hu\/?page_id=49#primaryimage"},"image":{"@id":"https:\/\/kolleranna.hu\/?page_id=49#primaryimage"},"thumbnailUrl":"https:\/\/kolleranna.hu\/wp-content\/uploads\/2024\/07\/r20240717_122332-1-1024x502.jpg","datePublished":"2024-05-04T10:52:05+00:00","dateModified":"2024-07-18T17:55:46+00:00","breadcrumb":{"@id":"https:\/\/kolleranna.hu\/?page_id=49#breadcrumb"},"inLanguage":"hu","potentialAction":[{"@type":"ReadAction","target":["https:\/\/kolleranna.hu\/?page_id=49"]}]},{"@type":"ImageObject","inLanguage":"hu","@id":"https:\/\/kolleranna.hu\/?page_id=49#primaryimage","url":"https:\/\/kolleranna.hu\/wp-content\/uploads\/2024\/07\/r20240717_122332-1-scaled.jpg","contentUrl":"https:\/\/kolleranna.hu\/wp-content\/uploads\/2024\/07\/r20240717_122332-1-scaled.jpg","width":2560,"height":1256},{"@type":"BreadcrumbList","@id":"https:\/\/kolleranna.hu\/?page_id=49#breadcrumb","itemListElement":[{"@type":"ListItem","position":1,"name":"Kezd\u0151lap","item":"https:\/\/kolleranna.hu\/"},{"@type":"ListItem","position":2,"name":"KAPCSOLAT"}]},{"@type":"WebSite","@id":"https:\/\/kolleranna.hu\/#website","url":"https:\/\/kolleranna.hu\/","name":"kolleranna.hu","description":"kozmetikus","publisher":{"@id":"https:\/\/kolleranna.hu\/#organization"},"potentialAction":[{"@type":"SearchAction","target":{"@type":"EntryPoint","urlTemplate":"https:\/\/kolleranna.hu\/?s={search_term_string}"},"query-input":{"@type":"PropertyValueSpecification","valueRequired":true,"valueName":"search_term_string"}}],"inLanguage":"hu"},{"@type":"Organization","@id":"https:\/\/kolleranna.hu\/#organization","name":"kolleranna","url":"https:\/\/kolleranna.hu\/","logo":{"@type":"ImageObject","inLanguage":"hu","@id":"https:\/\/kolleranna.hu\/#\/schema\/logo\/image\/","url":"https:\/\/kolleranna.hu\/wp-content\/uploads\/2024\/05\/cropped-Nevtelenlogo.png","contentUrl":"https:\/\/kolleranna.hu\/wp-content\/uploads\/2024\/05\/cropped-Nevtelenlogo.png","width":548,"height":129,"caption":"kolleranna"},"image":{"@id":"https:\/\/kolleranna.hu\/#\/schema\/logo\/image\/"}}]}},"_links":{"self":[{"href":"https:\/\/kolleranna.hu\/index.php?rest_route=\/wp\/v2\/pages\/49","targetHints":{"allow":["GET"]}}],"collection":[{"href":"https:\/\/kolleranna.hu\/index.php?rest_route=\/wp\/v2\/pages"}],"about":[{"href":"https:\/\/kolleranna.hu\/index.php?rest_route=\/wp\/v2\/types\/page"}],"author":[{"embeddable":true,"href":"https:\/\/kolleranna.hu\/index.php?rest_route=\/wp\/v2\/users\/1"}],"replies":[{"embeddable":true,"href":"https:\/\/kolleranna.hu\/index.php?rest_route=%2Fwp%2Fv2%2Fcomments&post=49"}],"version-history":[{"count":7,"href":"https:\/\/kolleranna.hu\/index.php?rest_route=\/wp\/v2\/pages\/49\/revisions"}],"predecessor-version":[{"id":403,"href":"https:\/\/kolleranna.hu\/index.php?rest_route=\/wp\/v2\/pages\/49\/revisions\/403"}],"wp:attachment":[{"href":"https:\/\/kolleranna.hu\/index.php?rest_route=%2Fwp%2Fv2%2Fmedia&parent=49"}],"curies":[{"name":"wp","href":"https:\/\/api.w.org\/{rel}","templated":true}]}}