{"id":515,"date":"2025-05-18T08:07:48","date_gmt":"2025-05-18T06:07:48","guid":{"rendered":"https:\/\/kolleranna.hu\/?page_id=515"},"modified":"2025-05-18T10:47:58","modified_gmt":"2025-05-18T08:47:58","slug":"dioda-lezeres-szortelenites","status":"publish","type":"page","link":"https:\/\/kolleranna.hu\/?page_id=515","title":{"rendered":"Di\u00f3da L\u00e9zeres Sz\u0151rtelen\u00edt\u00e9s"},"content":{"rendered":"\n<p>A di\u00f3da l\u00e9zeres sz\u0151rtelen\u00edt\u00e9s az egyik leghat\u00e9konyabb elj\u00e1r\u00e1s a sz\u0151rtelen, b\u00e1rsonyosan sima b\u0151r el\u00e9r\u00e9s\u00e9hez.<\/p>\n\n\n\n<p>A Lumino 1200 nagy teljes\u00edtm\u00e9ny\u0171 leg\u00fajabb gener\u00e1ci\u00f3s g\u00e9p 4 hull\u00e1mhosszon dolgozik. Az extra h\u0171t\u0151fej hozz\u00e1j\u00e1rul az irrit\u00e1ci\u00f3 minimaliz\u00e1l\u00e1s\u00e1hoz \u00e9s ahhoz, hogy a kezel\u00e9s min\u00e9l f\u00e1jdalommentesebb legyen. A n\u00e9gy hull\u00e1mhossz sz\u00e9les spektrumban hat a sz\u0151rt\u00fcsz\u0151kre, \u00edgy minden sz\u0151r \u00e9s b\u0151rt\u00edpus kezelhet\u0151 vele.<\/p>\n\n\n\n<figure class=\"wp-block-image size-full\"><img loading=\"lazy\" decoding=\"async\" width=\"600\" height=\"450\" src=\"https:\/\/kolleranna.hu\/wp-content\/uploads\/2025\/05\/LUMINO-1200-Dioda-lezeres-szortelenito-gep.jpg\" alt=\"\" class=\"wp-image-524\" srcset=\"https:\/\/kolleranna.hu\/wp-content\/uploads\/2025\/05\/LUMINO-1200-Dioda-lezeres-szortelenito-gep.jpg 600w, https:\/\/kolleranna.hu\/wp-content\/uploads\/2025\/05\/LUMINO-1200-Dioda-lezeres-szortelenito-gep-300x225.jpg 300w\" sizes=\"auto, (max-width: 600px) 100vw, 600px\" \/><\/figure>\n\n\n\n<p>M\u0171k\u00f6d\u00e9se: A l\u00e9zersug\u00e1r a sz\u0151rsz\u00e1l pigmentj\u00e9ben elnyel\u0151dik majd a sz\u0151rt\u00fcsz\u0151be jutva elpuszt\u00edtja a sz\u0151r n\u00f6veked\u00e9s\u00e9\u00e9rt felel\u0151s sejteket, \u00edgy akad\u00e1lyozza meg a sz\u0151r n\u00f6veked\u00e9s\u00e9t an\u00e9lk\u00fcl, hogy a k\u00f6rnyez\u0151 sz\u00f6veteket roncsoln\u00e1.<\/p>\n\n\n\n<p>Kezel\u00e9s el\u0151nyei:<\/p>\n\n\n\n<ul class=\"wp-block-list\">\n<li>Biztons\u00e1gos<\/li>\n\n\n\n<li>Gyors<\/li>\n\n\n\n<li>Hat\u00e9kony<\/li>\n\n\n\n<li>Minden b\u0151rt\u00edpus kezelhet\u0151<\/li>\n\n\n\n<li>Tart\u00f3s<\/li>\n\n\n\n<li>Nincs b\u0151rirrit\u00e1ci\u00f3<\/li>\n\n\n\n<li>Megsz\u0171nik a sz\u0151rben\u00f6v\u00e9s<\/li>\n<\/ul>\n\n\n\n<p>H\u00e1ny kezel\u00e9s sz\u00fcks\u00e9ges?<\/p>\n\n\n\n<p>A l\u00e9zeres sz\u0151rtelen\u00edt\u00e9s kiz\u00e1r\u00f3lag az akt\u00edv f\u00e1zisban l\u00e9v\u0151 sz\u0151rsz\u00e1lakat k\u00e9pes el\u00e9rni. Azokat a sz\u0151rsz\u00e1lakat nem tudjuk kezelni amelyek nyugalmi vagy \u00e1tmeneti f\u00e1zisban vannak. A t\u00f6k\u00e9letes eredm\u00e9ny el\u00e9r\u00e9se \u00e9rdek\u00e9ben 8-10 kezel\u00e9sre van sz\u00fcks\u00e9g 4-5 hetente, majd 2-3 kezel\u00e9s 3 havonta v\u00e9gezve. <\/p>\n\n\n\n<p>Fontos tudnival\u00f3k:<\/p>\n\n\n\n<ul class=\"wp-block-list\">\n<li>Kezel\u00e9s el\u0151tt \u00e9s ut\u00e1n 2 h\u00e9tig ker\u00fclni kell a napoz\u00e1st, szol\u00e1riumoz\u00e1st<\/li>\n\n\n\n<li>Kezel\u00e9s el\u0151tt 48 \u00f3r\u00e1val (de legal\u00e1bb 24 \u00f3r\u00e1val) kell leborotv\u00e1lni a ter\u00fcletet<\/li>\n\n\n\n<li>A kezelt ter\u00fcletre haszn\u00e1ljunk f\u00e9nyv\u00e9d\u0151t<\/li>\n\n\n\n<li>Kezel\u00e9s ut\u00e1n 2 napig ker\u00fclj\u00fck a forr\u00f3 f\u00fcrd\u0151t, szaun\u00e1t, medenc\u00e9z\u00e9st, intenz\u00edv sportot<\/li>\n\n\n\n<li>Terhess\u00e9g \u00e9s szoptat\u00e1s alatt a kezel\u00e9s nem v\u00e9gezhet\u0151<\/li>\n\n\n\n<li>kezel\u00e9st k\u00f6vet\u0151 2 h\u00e9tben a sz\u0151rsz\u00e1lak magukt\u00f3l kihullanak<\/li>\n<\/ul>\n\n\n\n<p>Kezel\u00e9s id\u0151tartama: 20-60 perc<\/p>\n","protected":false},"excerpt":{"rendered":"<p>A di\u00f3da l\u00e9zeres sz\u0151rtelen\u00edt\u00e9s az egyik leghat\u00e9konyabb elj\u00e1r\u00e1s a sz\u0151rtelen, b\u00e1rsonyosan sima b\u0151r el\u00e9r\u00e9s\u00e9hez. A Lumino 1200 nagy teljes\u00edtm\u00e9ny\u0171 leg\u00fajabb gener\u00e1ci\u00f3s g\u00e9p 4 hull\u00e1mhosszon dolgozik. Az extra h\u0171t\u0151fej hozz\u00e1j\u00e1rul az irrit\u00e1ci\u00f3 minimaliz\u00e1l\u00e1s\u00e1hoz \u00e9s ahhoz, hogy a kezel\u00e9s min\u00e9l f\u00e1jdalommentesebb legyen. A n\u00e9gy hull\u00e1mhossz sz\u00e9les spektrumban hat a sz\u0151rt\u00fcsz\u0151kre, \u00edgy minden sz\u0151r \u00e9s b\u0151rt\u00edpus kezelhet\u0151 vele. M\u0171k\u00f6d\u00e9se: A l\u00e9zersug\u00e1r a sz\u0151rsz\u00e1l pigmentj\u00e9ben elnyel\u0151dik majd a sz\u0151rt\u00fcsz\u0151be jutva elpuszt\u00edtja a sz\u0151r n\u00f6veked\u00e9s\u00e9\u00e9rt felel\u0151s sejteket, \u00edgy akad\u00e1lyozza meg a sz\u0151r n\u00f6veked\u00e9s\u00e9t an\u00e9lk\u00fcl, hogy a k\u00f6rnyez\u0151 sz\u00f6veteket roncsoln\u00e1. Kezel\u00e9s el\u0151nyei: H\u00e1ny kezel\u00e9s sz\u00fcks\u00e9ges? A l\u00e9zeres sz\u0151rtelen\u00edt\u00e9s kiz\u00e1r\u00f3lag az akt\u00edv f\u00e1zisban l\u00e9v\u0151 sz\u0151rsz\u00e1lakat k\u00e9pes el\u00e9rni. Azokat a sz\u0151rsz\u00e1lakat nem tudjuk kezelni amelyek nyugalmi vagy \u00e1tmeneti f\u00e1zisban vannak. A t\u00f6k\u00e9letes eredm\u00e9ny el\u00e9r\u00e9se \u00e9rdek\u00e9ben 8-10 kezel\u00e9sre van sz\u00fcks\u00e9g 4-5 hetente, majd 2-3 kezel\u00e9s 3 havonta v\u00e9gezve. Fontos tudnival\u00f3k: Kezel\u00e9s id\u0151tartama: 20-60 perc<\/p>\n","protected":false},"author":1,"featured_media":0,"parent":0,"menu_order":0,"comment_status":"closed","ping_status":"closed","template":"","meta":{"footnotes":""},"class_list":["post-515","page","type-page","status-publish","hentry"],"yoast_head":"<!-- This site is optimized with the Yoast SEO plugin v23.9 - https:\/\/yoast.com\/wordpress\/plugins\/seo\/ -->\n<title>Di\u00f3da L\u00e9zeres Sz\u0151rtelen\u00edt\u00e9s - kolleranna.hu<\/title>\n<meta name=\"robots\" content=\"index, follow, max-snippet:-1, max-image-preview:large, max-video-preview:-1\" \/>\n<link rel=\"canonical\" href=\"https:\/\/kolleranna.hu\/?page_id=515\" \/>\n<meta property=\"og:locale\" content=\"hu_HU\" \/>\n<meta property=\"og:type\" content=\"article\" \/>\n<meta property=\"og:title\" content=\"Di\u00f3da L\u00e9zeres Sz\u0151rtelen\u00edt\u00e9s - kolleranna.hu\" \/>\n<meta property=\"og:description\" content=\"A di\u00f3da l\u00e9zeres sz\u0151rtelen\u00edt\u00e9s az egyik leghat\u00e9konyabb elj\u00e1r\u00e1s a sz\u0151rtelen, b\u00e1rsonyosan sima b\u0151r el\u00e9r\u00e9s\u00e9hez. A Lumino 1200 nagy teljes\u00edtm\u00e9ny\u0171 leg\u00fajabb gener\u00e1ci\u00f3s g\u00e9p 4 hull\u00e1mhosszon dolgozik. Az extra h\u0171t\u0151fej hozz\u00e1j\u00e1rul az irrit\u00e1ci\u00f3 minimaliz\u00e1l\u00e1s\u00e1hoz \u00e9s ahhoz, hogy a kezel\u00e9s min\u00e9l f\u00e1jdalommentesebb legyen. A n\u00e9gy hull\u00e1mhossz sz\u00e9les spektrumban hat a sz\u0151rt\u00fcsz\u0151kre, \u00edgy minden sz\u0151r \u00e9s b\u0151rt\u00edpus kezelhet\u0151 vele. M\u0171k\u00f6d\u00e9se: A l\u00e9zersug\u00e1r a sz\u0151rsz\u00e1l pigmentj\u00e9ben elnyel\u0151dik majd a sz\u0151rt\u00fcsz\u0151be jutva elpuszt\u00edtja a sz\u0151r n\u00f6veked\u00e9s\u00e9\u00e9rt felel\u0151s sejteket, \u00edgy akad\u00e1lyozza meg a sz\u0151r n\u00f6veked\u00e9s\u00e9t an\u00e9lk\u00fcl, hogy a k\u00f6rnyez\u0151 sz\u00f6veteket roncsoln\u00e1. Kezel\u00e9s el\u0151nyei: H\u00e1ny kezel\u00e9s sz\u00fcks\u00e9ges? A l\u00e9zeres sz\u0151rtelen\u00edt\u00e9s kiz\u00e1r\u00f3lag az akt\u00edv f\u00e1zisban l\u00e9v\u0151 sz\u0151rsz\u00e1lakat k\u00e9pes el\u00e9rni. Azokat a sz\u0151rsz\u00e1lakat nem tudjuk kezelni amelyek nyugalmi vagy \u00e1tmeneti f\u00e1zisban vannak. A t\u00f6k\u00e9letes eredm\u00e9ny el\u00e9r\u00e9se \u00e9rdek\u00e9ben 8-10 kezel\u00e9sre van sz\u00fcks\u00e9g 4-5 hetente, majd 2-3 kezel\u00e9s 3 havonta v\u00e9gezve. Fontos tudnival\u00f3k: Kezel\u00e9s id\u0151tartama: 20-60 perc\" \/>\n<meta property=\"og:url\" content=\"https:\/\/kolleranna.hu\/?page_id=515\" \/>\n<meta property=\"og:site_name\" content=\"kolleranna.hu\" \/>\n<meta property=\"article:modified_time\" content=\"2025-05-18T08:47:58+00:00\" \/>\n<meta property=\"og:image\" content=\"https:\/\/kolleranna.hu\/wp-content\/uploads\/2025\/05\/LUMINO-1200-Dioda-lezeres-szortelenito-gep.jpg\" \/>\n\t<meta property=\"og:image:width\" content=\"600\" \/>\n\t<meta property=\"og:image:height\" content=\"450\" \/>\n\t<meta property=\"og:image:type\" content=\"image\/jpeg\" \/>\n<meta name=\"twitter:card\" content=\"summary_large_image\" \/>\n<meta name=\"twitter:label1\" content=\"Becs\u00fclt olvas\u00e1si id\u0151\" \/>\n\t<meta name=\"twitter:data1\" content=\"2 perc\" \/>\n<script type=\"application\/ld+json\" class=\"yoast-schema-graph\">{\"@context\":\"https:\/\/schema.org\",\"@graph\":[{\"@type\":\"WebPage\",\"@id\":\"https:\/\/kolleranna.hu\/?page_id=515\",\"url\":\"https:\/\/kolleranna.hu\/?page_id=515\",\"name\":\"Di\u00f3da L\u00e9zeres Sz\u0151rtelen\u00edt\u00e9s - kolleranna.hu\",\"isPartOf\":{\"@id\":\"https:\/\/kolleranna.hu\/#website\"},\"primaryImageOfPage\":{\"@id\":\"https:\/\/kolleranna.hu\/?page_id=515#primaryimage\"},\"image\":{\"@id\":\"https:\/\/kolleranna.hu\/?page_id=515#primaryimage\"},\"thumbnailUrl\":\"https:\/\/kolleranna.hu\/wp-content\/uploads\/2025\/05\/LUMINO-1200-Dioda-lezeres-szortelenito-gep.jpg\",\"datePublished\":\"2025-05-18T06:07:48+00:00\",\"dateModified\":\"2025-05-18T08:47:58+00:00\",\"breadcrumb\":{\"@id\":\"https:\/\/kolleranna.hu\/?page_id=515#breadcrumb\"},\"inLanguage\":\"hu\",\"potentialAction\":[{\"@type\":\"ReadAction\",\"target\":[\"https:\/\/kolleranna.hu\/?page_id=515\"]}]},{\"@type\":\"ImageObject\",\"inLanguage\":\"hu\",\"@id\":\"https:\/\/kolleranna.hu\/?page_id=515#primaryimage\",\"url\":\"https:\/\/kolleranna.hu\/wp-content\/uploads\/2025\/05\/LUMINO-1200-Dioda-lezeres-szortelenito-gep.jpg\",\"contentUrl\":\"https:\/\/kolleranna.hu\/wp-content\/uploads\/2025\/05\/LUMINO-1200-Dioda-lezeres-szortelenito-gep.jpg\",\"width\":600,\"height\":450},{\"@type\":\"BreadcrumbList\",\"@id\":\"https:\/\/kolleranna.hu\/?page_id=515#breadcrumb\",\"itemListElement\":[{\"@type\":\"ListItem\",\"position\":1,\"name\":\"Kezd\u0151lap\",\"item\":\"https:\/\/kolleranna.hu\/\"},{\"@type\":\"ListItem\",\"position\":2,\"name\":\"Di\u00f3da L\u00e9zeres Sz\u0151rtelen\u00edt\u00e9s\"}]},{\"@type\":\"WebSite\",\"@id\":\"https:\/\/kolleranna.hu\/#website\",\"url\":\"https:\/\/kolleranna.hu\/\",\"name\":\"kolleranna.hu\",\"description\":\"kozmetikus\",\"publisher\":{\"@id\":\"https:\/\/kolleranna.hu\/#organization\"},\"potentialAction\":[{\"@type\":\"SearchAction\",\"target\":{\"@type\":\"EntryPoint\",\"urlTemplate\":\"https:\/\/kolleranna.hu\/?s={search_term_string}\"},\"query-input\":{\"@type\":\"PropertyValueSpecification\",\"valueRequired\":true,\"valueName\":\"search_term_string\"}}],\"inLanguage\":\"hu\"},{\"@type\":\"Organization\",\"@id\":\"https:\/\/kolleranna.hu\/#organization\",\"name\":\"kolleranna\",\"url\":\"https:\/\/kolleranna.hu\/\",\"logo\":{\"@type\":\"ImageObject\",\"inLanguage\":\"hu\",\"@id\":\"https:\/\/kolleranna.hu\/#\/schema\/logo\/image\/\",\"url\":\"https:\/\/kolleranna.hu\/wp-content\/uploads\/2024\/05\/cropped-Nevtelenlogo.png\",\"contentUrl\":\"https:\/\/kolleranna.hu\/wp-content\/uploads\/2024\/05\/cropped-Nevtelenlogo.png\",\"width\":548,\"height\":129,\"caption\":\"kolleranna\"},\"image\":{\"@id\":\"https:\/\/kolleranna.hu\/#\/schema\/logo\/image\/\"}}]}<\/script>\n<!-- \/ Yoast SEO plugin. -->","yoast_head_json":{"title":"Di\u00f3da L\u00e9zeres Sz\u0151rtelen\u00edt\u00e9s - kolleranna.hu","robots":{"index":"index","follow":"follow","max-snippet":"max-snippet:-1","max-image-preview":"max-image-preview:large","max-video-preview":"max-video-preview:-1"},"canonical":"https:\/\/kolleranna.hu\/?page_id=515","og_locale":"hu_HU","og_type":"article","og_title":"Di\u00f3da L\u00e9zeres Sz\u0151rtelen\u00edt\u00e9s - kolleranna.hu","og_description":"A di\u00f3da l\u00e9zeres sz\u0151rtelen\u00edt\u00e9s az egyik leghat\u00e9konyabb elj\u00e1r\u00e1s a sz\u0151rtelen, b\u00e1rsonyosan sima b\u0151r el\u00e9r\u00e9s\u00e9hez. A Lumino 1200 nagy teljes\u00edtm\u00e9ny\u0171 leg\u00fajabb gener\u00e1ci\u00f3s g\u00e9p 4 hull\u00e1mhosszon dolgozik. Az extra h\u0171t\u0151fej hozz\u00e1j\u00e1rul az irrit\u00e1ci\u00f3 minimaliz\u00e1l\u00e1s\u00e1hoz \u00e9s ahhoz, hogy a kezel\u00e9s min\u00e9l f\u00e1jdalommentesebb legyen. A n\u00e9gy hull\u00e1mhossz sz\u00e9les spektrumban hat a sz\u0151rt\u00fcsz\u0151kre, \u00edgy minden sz\u0151r \u00e9s b\u0151rt\u00edpus kezelhet\u0151 vele. M\u0171k\u00f6d\u00e9se: A l\u00e9zersug\u00e1r a sz\u0151rsz\u00e1l pigmentj\u00e9ben elnyel\u0151dik majd a sz\u0151rt\u00fcsz\u0151be jutva elpuszt\u00edtja a sz\u0151r n\u00f6veked\u00e9s\u00e9\u00e9rt felel\u0151s sejteket, \u00edgy akad\u00e1lyozza meg a sz\u0151r n\u00f6veked\u00e9s\u00e9t an\u00e9lk\u00fcl, hogy a k\u00f6rnyez\u0151 sz\u00f6veteket roncsoln\u00e1. Kezel\u00e9s el\u0151nyei: H\u00e1ny kezel\u00e9s sz\u00fcks\u00e9ges? A l\u00e9zeres sz\u0151rtelen\u00edt\u00e9s kiz\u00e1r\u00f3lag az akt\u00edv f\u00e1zisban l\u00e9v\u0151 sz\u0151rsz\u00e1lakat k\u00e9pes el\u00e9rni. Azokat a sz\u0151rsz\u00e1lakat nem tudjuk kezelni amelyek nyugalmi vagy \u00e1tmeneti f\u00e1zisban vannak. A t\u00f6k\u00e9letes eredm\u00e9ny el\u00e9r\u00e9se \u00e9rdek\u00e9ben 8-10 kezel\u00e9sre van sz\u00fcks\u00e9g 4-5 hetente, majd 2-3 kezel\u00e9s 3 havonta v\u00e9gezve. Fontos tudnival\u00f3k: Kezel\u00e9s id\u0151tartama: 20-60 perc","og_url":"https:\/\/kolleranna.hu\/?page_id=515","og_site_name":"kolleranna.hu","article_modified_time":"2025-05-18T08:47:58+00:00","og_image":[{"width":600,"height":450,"url":"https:\/\/kolleranna.hu\/wp-content\/uploads\/2025\/05\/LUMINO-1200-Dioda-lezeres-szortelenito-gep.jpg","type":"image\/jpeg"}],"twitter_card":"summary_large_image","twitter_misc":{"Becs\u00fclt olvas\u00e1si id\u0151":"2 perc"},"schema":{"@context":"https:\/\/schema.org","@graph":[{"@type":"WebPage","@id":"https:\/\/kolleranna.hu\/?page_id=515","url":"https:\/\/kolleranna.hu\/?page_id=515","name":"Di\u00f3da L\u00e9zeres Sz\u0151rtelen\u00edt\u00e9s - kolleranna.hu","isPartOf":{"@id":"https:\/\/kolleranna.hu\/#website"},"primaryImageOfPage":{"@id":"https:\/\/kolleranna.hu\/?page_id=515#primaryimage"},"image":{"@id":"https:\/\/kolleranna.hu\/?page_id=515#primaryimage"},"thumbnailUrl":"https:\/\/kolleranna.hu\/wp-content\/uploads\/2025\/05\/LUMINO-1200-Dioda-lezeres-szortelenito-gep.jpg","datePublished":"2025-05-18T06:07:48+00:00","dateModified":"2025-05-18T08:47:58+00:00","breadcrumb":{"@id":"https:\/\/kolleranna.hu\/?page_id=515#breadcrumb"},"inLanguage":"hu","potentialAction":[{"@type":"ReadAction","target":["https:\/\/kolleranna.hu\/?page_id=515"]}]},{"@type":"ImageObject","inLanguage":"hu","@id":"https:\/\/kolleranna.hu\/?page_id=515#primaryimage","url":"https:\/\/kolleranna.hu\/wp-content\/uploads\/2025\/05\/LUMINO-1200-Dioda-lezeres-szortelenito-gep.jpg","contentUrl":"https:\/\/kolleranna.hu\/wp-content\/uploads\/2025\/05\/LUMINO-1200-Dioda-lezeres-szortelenito-gep.jpg","width":600,"height":450},{"@type":"BreadcrumbList","@id":"https:\/\/kolleranna.hu\/?page_id=515#breadcrumb","itemListElement":[{"@type":"ListItem","position":1,"name":"Kezd\u0151lap","item":"https:\/\/kolleranna.hu\/"},{"@type":"ListItem","position":2,"name":"Di\u00f3da L\u00e9zeres Sz\u0151rtelen\u00edt\u00e9s"}]},{"@type":"WebSite","@id":"https:\/\/kolleranna.hu\/#website","url":"https:\/\/kolleranna.hu\/","name":"kolleranna.hu","description":"kozmetikus","publisher":{"@id":"https:\/\/kolleranna.hu\/#organization"},"potentialAction":[{"@type":"SearchAction","target":{"@type":"EntryPoint","urlTemplate":"https:\/\/kolleranna.hu\/?s={search_term_string}"},"query-input":{"@type":"PropertyValueSpecification","valueRequired":true,"valueName":"search_term_string"}}],"inLanguage":"hu"},{"@type":"Organization","@id":"https:\/\/kolleranna.hu\/#organization","name":"kolleranna","url":"https:\/\/kolleranna.hu\/","logo":{"@type":"ImageObject","inLanguage":"hu","@id":"https:\/\/kolleranna.hu\/#\/schema\/logo\/image\/","url":"https:\/\/kolleranna.hu\/wp-content\/uploads\/2024\/05\/cropped-Nevtelenlogo.png","contentUrl":"https:\/\/kolleranna.hu\/wp-content\/uploads\/2024\/05\/cropped-Nevtelenlogo.png","width":548,"height":129,"caption":"kolleranna"},"image":{"@id":"https:\/\/kolleranna.hu\/#\/schema\/logo\/image\/"}}]}},"_links":{"self":[{"href":"https:\/\/kolleranna.hu\/index.php?rest_route=\/wp\/v2\/pages\/515","targetHints":{"allow":["GET"]}}],"collection":[{"href":"https:\/\/kolleranna.hu\/index.php?rest_route=\/wp\/v2\/pages"}],"about":[{"href":"https:\/\/kolleranna.hu\/index.php?rest_route=\/wp\/v2\/types\/page"}],"author":[{"embeddable":true,"href":"https:\/\/kolleranna.hu\/index.php?rest_route=\/wp\/v2\/users\/1"}],"replies":[{"embeddable":true,"href":"https:\/\/kolleranna.hu\/index.php?rest_route=%2Fwp%2Fv2%2Fcomments&post=515"}],"version-history":[{"count":4,"href":"https:\/\/kolleranna.hu\/index.php?rest_route=\/wp\/v2\/pages\/515\/revisions"}],"predecessor-version":[{"id":525,"href":"https:\/\/kolleranna.hu\/index.php?rest_route=\/wp\/v2\/pages\/515\/revisions\/525"}],"wp:attachment":[{"href":"https:\/\/kolleranna.hu\/index.php?rest_route=%2Fwp%2Fv2%2Fmedia&parent=515"}],"curies":[{"name":"wp","href":"https:\/\/api.w.org\/{rel}","templated":true}]}}