{"id":577,"date":"2025-10-15T11:51:28","date_gmt":"2025-10-15T09:51:28","guid":{"rendered":"https:\/\/kolleranna.hu\/?page_id=577"},"modified":"2025-10-15T11:56:23","modified_gmt":"2025-10-15T09:56:23","slug":"elotte-utana-kepekben","status":"publish","type":"page","link":"https:\/\/kolleranna.hu\/?page_id=577","title":{"rendered":"El\u0151tte-Ut\u00e1na k\u00e9pekben"},"content":{"rendered":"\n<p>Vintage Beauty Silver kezel\u00e9s<\/p>\n\n\n\n<figure class=\"wp-block-image size-large is-resized\"><img loading=\"lazy\" decoding=\"async\" width=\"1024\" height=\"435\" src=\"https:\/\/kolleranna.hu\/wp-content\/uploads\/2025\/10\/unnamed-1024x435.jpg\" alt=\"\" class=\"wp-image-578\" style=\"width:581px;height:auto\" srcset=\"https:\/\/kolleranna.hu\/wp-content\/uploads\/2025\/10\/unnamed-1024x435.jpg 1024w, https:\/\/kolleranna.hu\/wp-content\/uploads\/2025\/10\/unnamed-300x127.jpg 300w, https:\/\/kolleranna.hu\/wp-content\/uploads\/2025\/10\/unnamed-768x326.jpg 768w, https:\/\/kolleranna.hu\/wp-content\/uploads\/2025\/10\/unnamed-1536x653.jpg 1536w, https:\/\/kolleranna.hu\/wp-content\/uploads\/2025\/10\/unnamed-2048x870.jpg 2048w, https:\/\/kolleranna.hu\/wp-content\/uploads\/2025\/10\/unnamed-1140x484.jpg 1140w\" sizes=\"auto, (max-width: 1024px) 100vw, 1024px\" \/><\/figure>\n\n\n\n<figure class=\"wp-block-image size-large is-resized\"><img loading=\"lazy\" decoding=\"async\" width=\"1024\" height=\"819\" src=\"https:\/\/kolleranna.hu\/wp-content\/uploads\/2025\/10\/8-1-1024x819.jpg\" alt=\"\" class=\"wp-image-579\" style=\"width:580px;height:auto\" srcset=\"https:\/\/kolleranna.hu\/wp-content\/uploads\/2025\/10\/8-1-1024x819.jpg 1024w, https:\/\/kolleranna.hu\/wp-content\/uploads\/2025\/10\/8-1-300x240.jpg 300w, https:\/\/kolleranna.hu\/wp-content\/uploads\/2025\/10\/8-1-768x614.jpg 768w, https:\/\/kolleranna.hu\/wp-content\/uploads\/2025\/10\/8-1-1140x912.jpg 1140w, https:\/\/kolleranna.hu\/wp-content\/uploads\/2025\/10\/8-1.jpg 1153w\" sizes=\"auto, (max-width: 1024px) 100vw, 1024px\" \/><\/figure>\n\n\n\n<p>SQT kezel\u00e9s 1 alkalom<\/p>\n\n\n\n<figure class=\"wp-block-image size-full is-resized\"><img loading=\"lazy\" decoding=\"async\" width=\"922\" height=\"922\" src=\"https:\/\/kolleranna.hu\/wp-content\/uploads\/2025\/10\/2.jpg\" alt=\"\" class=\"wp-image-582\" style=\"width:535px;height:auto\" srcset=\"https:\/\/kolleranna.hu\/wp-content\/uploads\/2025\/10\/2.jpg 922w, https:\/\/kolleranna.hu\/wp-content\/uploads\/2025\/10\/2-300x300.jpg 300w, https:\/\/kolleranna.hu\/wp-content\/uploads\/2025\/10\/2-150x150.jpg 150w, https:\/\/kolleranna.hu\/wp-content\/uploads\/2025\/10\/2-768x768.jpg 768w, https:\/\/kolleranna.hu\/wp-content\/uploads\/2025\/10\/2-75x75.jpg 75w\" sizes=\"auto, (max-width: 922px) 100vw, 922px\" \/><\/figure>\n\n\n\n<p>Vintage Beauty hegkezel\u00e9s 2 h\u00e9t alatt<\/p>\n\n\n\n<figure class=\"wp-block-image size-large is-resized\"><img loading=\"lazy\" decoding=\"async\" width=\"1024\" height=\"435\" src=\"https:\/\/kolleranna.hu\/wp-content\/uploads\/2025\/10\/0-1024x435.jpg\" alt=\"\" class=\"wp-image-580\" style=\"width:542px;height:auto\" srcset=\"https:\/\/kolleranna.hu\/wp-content\/uploads\/2025\/10\/0-1024x435.jpg 1024w, https:\/\/kolleranna.hu\/wp-content\/uploads\/2025\/10\/0-300x128.jpg 300w, https:\/\/kolleranna.hu\/wp-content\/uploads\/2025\/10\/0-768x326.jpg 768w, https:\/\/kolleranna.hu\/wp-content\/uploads\/2025\/10\/0-1536x653.jpg 1536w, https:\/\/kolleranna.hu\/wp-content\/uploads\/2025\/10\/0-1140x485.jpg 1140w, https:\/\/kolleranna.hu\/wp-content\/uploads\/2025\/10\/0.jpg 1920w\" sizes=\"auto, (max-width: 1024px) 100vw, 1024px\" \/><\/figure>\n\n\n\n<p>Akne kezel\u00e9s 2 alkalom<\/p>\n\n\n\n<figure class=\"wp-block-image size-full is-resized\"><img loading=\"lazy\" decoding=\"async\" width=\"922\" height=\"922\" src=\"https:\/\/kolleranna.hu\/wp-content\/uploads\/2025\/10\/3.jpg\" alt=\"\" class=\"wp-image-581\" style=\"width:492px;height:auto\" srcset=\"https:\/\/kolleranna.hu\/wp-content\/uploads\/2025\/10\/3.jpg 922w, https:\/\/kolleranna.hu\/wp-content\/uploads\/2025\/10\/3-300x300.jpg 300w, https:\/\/kolleranna.hu\/wp-content\/uploads\/2025\/10\/3-150x150.jpg 150w, https:\/\/kolleranna.hu\/wp-content\/uploads\/2025\/10\/3-768x768.jpg 768w, https:\/\/kolleranna.hu\/wp-content\/uploads\/2025\/10\/3-75x75.jpg 75w\" sizes=\"auto, (max-width: 922px) 100vw, 922px\" \/><\/figure>\n\n\n\n<p>Di\u00f3da l\u00e9zeres sz\u0151rtelen\u00edt\u00e9s 1 alkalom<\/p>\n\n\n\n<figure class=\"wp-block-image size-large is-resized\"><img loading=\"lazy\" decoding=\"async\" width=\"1024\" height=\"819\" src=\"https:\/\/kolleranna.hu\/wp-content\/uploads\/2025\/10\/7-1024x819.jpg\" alt=\"\" class=\"wp-image-583\" style=\"width:491px;height:auto\" srcset=\"https:\/\/kolleranna.hu\/wp-content\/uploads\/2025\/10\/7-1024x819.jpg 1024w, https:\/\/kolleranna.hu\/wp-content\/uploads\/2025\/10\/7-300x240.jpg 300w, https:\/\/kolleranna.hu\/wp-content\/uploads\/2025\/10\/7-768x614.jpg 768w, https:\/\/kolleranna.hu\/wp-content\/uploads\/2025\/10\/7-1140x912.jpg 1140w, https:\/\/kolleranna.hu\/wp-content\/uploads\/2025\/10\/7.jpg 1153w\" sizes=\"auto, (max-width: 1024px) 100vw, 1024px\" \/><\/figure>\n","protected":false},"excerpt":{"rendered":"<p>Vintage Beauty Silver kezel\u00e9s SQT kezel\u00e9s 1 alkalom Vintage Beauty hegkezel\u00e9s 2 h\u00e9t alatt Akne kezel\u00e9s 2 alkalom Di\u00f3da l\u00e9zeres sz\u0151rtelen\u00edt\u00e9s 1 alkalom<\/p>\n","protected":false},"author":1,"featured_media":0,"parent":0,"menu_order":0,"comment_status":"closed","ping_status":"closed","template":"","meta":{"footnotes":""},"class_list":["post-577","page","type-page","status-publish","hentry"],"yoast_head":"<!-- This site is optimized with the Yoast SEO plugin v23.9 - https:\/\/yoast.com\/wordpress\/plugins\/seo\/ -->\n<title>El\u0151tte-Ut\u00e1na k\u00e9pekben - kolleranna.hu<\/title>\n<meta name=\"robots\" content=\"index, follow, max-snippet:-1, max-image-preview:large, max-video-preview:-1\" \/>\n<link rel=\"canonical\" href=\"https:\/\/kolleranna.hu\/?page_id=577\" \/>\n<meta property=\"og:locale\" content=\"hu_HU\" \/>\n<meta property=\"og:type\" content=\"article\" \/>\n<meta property=\"og:title\" content=\"El\u0151tte-Ut\u00e1na k\u00e9pekben - kolleranna.hu\" \/>\n<meta property=\"og:description\" content=\"Vintage Beauty Silver kezel\u00e9s SQT kezel\u00e9s 1 alkalom Vintage Beauty hegkezel\u00e9s 2 h\u00e9t alatt Akne kezel\u00e9s 2 alkalom Di\u00f3da l\u00e9zeres sz\u0151rtelen\u00edt\u00e9s 1 alkalom\" \/>\n<meta property=\"og:url\" content=\"https:\/\/kolleranna.hu\/?page_id=577\" \/>\n<meta property=\"og:site_name\" content=\"kolleranna.hu\" \/>\n<meta property=\"article:modified_time\" content=\"2025-10-15T09:56:23+00:00\" \/>\n<meta property=\"og:image\" content=\"https:\/\/kolleranna.hu\/wp-content\/uploads\/2025\/10\/unnamed-scaled.jpg\" \/>\n\t<meta property=\"og:image:width\" content=\"2560\" \/>\n\t<meta property=\"og:image:height\" content=\"1088\" \/>\n\t<meta property=\"og:image:type\" content=\"image\/jpeg\" \/>\n<meta name=\"twitter:card\" content=\"summary_large_image\" \/>\n<meta name=\"twitter:label1\" content=\"Becs\u00fclt olvas\u00e1si id\u0151\" \/>\n\t<meta name=\"twitter:data1\" content=\"2 perc\" \/>\n<script type=\"application\/ld+json\" class=\"yoast-schema-graph\">{\"@context\":\"https:\/\/schema.org\",\"@graph\":[{\"@type\":\"WebPage\",\"@id\":\"https:\/\/kolleranna.hu\/?page_id=577\",\"url\":\"https:\/\/kolleranna.hu\/?page_id=577\",\"name\":\"El\u0151tte-Ut\u00e1na k\u00e9pekben - kolleranna.hu\",\"isPartOf\":{\"@id\":\"https:\/\/kolleranna.hu\/#website\"},\"primaryImageOfPage\":{\"@id\":\"https:\/\/kolleranna.hu\/?page_id=577#primaryimage\"},\"image\":{\"@id\":\"https:\/\/kolleranna.hu\/?page_id=577#primaryimage\"},\"thumbnailUrl\":\"https:\/\/kolleranna.hu\/wp-content\/uploads\/2025\/10\/unnamed-1024x435.jpg\",\"datePublished\":\"2025-10-15T09:51:28+00:00\",\"dateModified\":\"2025-10-15T09:56:23+00:00\",\"breadcrumb\":{\"@id\":\"https:\/\/kolleranna.hu\/?page_id=577#breadcrumb\"},\"inLanguage\":\"hu\",\"potentialAction\":[{\"@type\":\"ReadAction\",\"target\":[\"https:\/\/kolleranna.hu\/?page_id=577\"]}]},{\"@type\":\"ImageObject\",\"inLanguage\":\"hu\",\"@id\":\"https:\/\/kolleranna.hu\/?page_id=577#primaryimage\",\"url\":\"https:\/\/kolleranna.hu\/wp-content\/uploads\/2025\/10\/unnamed-scaled.jpg\",\"contentUrl\":\"https:\/\/kolleranna.hu\/wp-content\/uploads\/2025\/10\/unnamed-scaled.jpg\",\"width\":2560,\"height\":1088},{\"@type\":\"BreadcrumbList\",\"@id\":\"https:\/\/kolleranna.hu\/?page_id=577#breadcrumb\",\"itemListElement\":[{\"@type\":\"ListItem\",\"position\":1,\"name\":\"Kezd\u0151lap\",\"item\":\"https:\/\/kolleranna.hu\/\"},{\"@type\":\"ListItem\",\"position\":2,\"name\":\"El\u0151tte-Ut\u00e1na k\u00e9pekben\"}]},{\"@type\":\"WebSite\",\"@id\":\"https:\/\/kolleranna.hu\/#website\",\"url\":\"https:\/\/kolleranna.hu\/\",\"name\":\"kolleranna.hu\",\"description\":\"kozmetikus\",\"publisher\":{\"@id\":\"https:\/\/kolleranna.hu\/#organization\"},\"potentialAction\":[{\"@type\":\"SearchAction\",\"target\":{\"@type\":\"EntryPoint\",\"urlTemplate\":\"https:\/\/kolleranna.hu\/?s={search_term_string}\"},\"query-input\":{\"@type\":\"PropertyValueSpecification\",\"valueRequired\":true,\"valueName\":\"search_term_string\"}}],\"inLanguage\":\"hu\"},{\"@type\":\"Organization\",\"@id\":\"https:\/\/kolleranna.hu\/#organization\",\"name\":\"kolleranna\",\"url\":\"https:\/\/kolleranna.hu\/\",\"logo\":{\"@type\":\"ImageObject\",\"inLanguage\":\"hu\",\"@id\":\"https:\/\/kolleranna.hu\/#\/schema\/logo\/image\/\",\"url\":\"https:\/\/kolleranna.hu\/wp-content\/uploads\/2024\/05\/cropped-Nevtelenlogo.png\",\"contentUrl\":\"https:\/\/kolleranna.hu\/wp-content\/uploads\/2024\/05\/cropped-Nevtelenlogo.png\",\"width\":548,\"height\":129,\"caption\":\"kolleranna\"},\"image\":{\"@id\":\"https:\/\/kolleranna.hu\/#\/schema\/logo\/image\/\"}}]}<\/script>\n<!-- \/ Yoast SEO plugin. -->","yoast_head_json":{"title":"El\u0151tte-Ut\u00e1na k\u00e9pekben - kolleranna.hu","robots":{"index":"index","follow":"follow","max-snippet":"max-snippet:-1","max-image-preview":"max-image-preview:large","max-video-preview":"max-video-preview:-1"},"canonical":"https:\/\/kolleranna.hu\/?page_id=577","og_locale":"hu_HU","og_type":"article","og_title":"El\u0151tte-Ut\u00e1na k\u00e9pekben - kolleranna.hu","og_description":"Vintage Beauty Silver kezel\u00e9s SQT kezel\u00e9s 1 alkalom Vintage Beauty hegkezel\u00e9s 2 h\u00e9t alatt Akne kezel\u00e9s 2 alkalom Di\u00f3da l\u00e9zeres sz\u0151rtelen\u00edt\u00e9s 1 alkalom","og_url":"https:\/\/kolleranna.hu\/?page_id=577","og_site_name":"kolleranna.hu","article_modified_time":"2025-10-15T09:56:23+00:00","og_image":[{"width":2560,"height":1088,"url":"https:\/\/kolleranna.hu\/wp-content\/uploads\/2025\/10\/unnamed-scaled.jpg","type":"image\/jpeg"}],"twitter_card":"summary_large_image","twitter_misc":{"Becs\u00fclt olvas\u00e1si id\u0151":"2 perc"},"schema":{"@context":"https:\/\/schema.org","@graph":[{"@type":"WebPage","@id":"https:\/\/kolleranna.hu\/?page_id=577","url":"https:\/\/kolleranna.hu\/?page_id=577","name":"El\u0151tte-Ut\u00e1na k\u00e9pekben - kolleranna.hu","isPartOf":{"@id":"https:\/\/kolleranna.hu\/#website"},"primaryImageOfPage":{"@id":"https:\/\/kolleranna.hu\/?page_id=577#primaryimage"},"image":{"@id":"https:\/\/kolleranna.hu\/?page_id=577#primaryimage"},"thumbnailUrl":"https:\/\/kolleranna.hu\/wp-content\/uploads\/2025\/10\/unnamed-1024x435.jpg","datePublished":"2025-10-15T09:51:28+00:00","dateModified":"2025-10-15T09:56:23+00:00","breadcrumb":{"@id":"https:\/\/kolleranna.hu\/?page_id=577#breadcrumb"},"inLanguage":"hu","potentialAction":[{"@type":"ReadAction","target":["https:\/\/kolleranna.hu\/?page_id=577"]}]},{"@type":"ImageObject","inLanguage":"hu","@id":"https:\/\/kolleranna.hu\/?page_id=577#primaryimage","url":"https:\/\/kolleranna.hu\/wp-content\/uploads\/2025\/10\/unnamed-scaled.jpg","contentUrl":"https:\/\/kolleranna.hu\/wp-content\/uploads\/2025\/10\/unnamed-scaled.jpg","width":2560,"height":1088},{"@type":"BreadcrumbList","@id":"https:\/\/kolleranna.hu\/?page_id=577#breadcrumb","itemListElement":[{"@type":"ListItem","position":1,"name":"Kezd\u0151lap","item":"https:\/\/kolleranna.hu\/"},{"@type":"ListItem","position":2,"name":"El\u0151tte-Ut\u00e1na k\u00e9pekben"}]},{"@type":"WebSite","@id":"https:\/\/kolleranna.hu\/#website","url":"https:\/\/kolleranna.hu\/","name":"kolleranna.hu","description":"kozmetikus","publisher":{"@id":"https:\/\/kolleranna.hu\/#organization"},"potentialAction":[{"@type":"SearchAction","target":{"@type":"EntryPoint","urlTemplate":"https:\/\/kolleranna.hu\/?s={search_term_string}"},"query-input":{"@type":"PropertyValueSpecification","valueRequired":true,"valueName":"search_term_string"}}],"inLanguage":"hu"},{"@type":"Organization","@id":"https:\/\/kolleranna.hu\/#organization","name":"kolleranna","url":"https:\/\/kolleranna.hu\/","logo":{"@type":"ImageObject","inLanguage":"hu","@id":"https:\/\/kolleranna.hu\/#\/schema\/logo\/image\/","url":"https:\/\/kolleranna.hu\/wp-content\/uploads\/2024\/05\/cropped-Nevtelenlogo.png","contentUrl":"https:\/\/kolleranna.hu\/wp-content\/uploads\/2024\/05\/cropped-Nevtelenlogo.png","width":548,"height":129,"caption":"kolleranna"},"image":{"@id":"https:\/\/kolleranna.hu\/#\/schema\/logo\/image\/"}}]}},"_links":{"self":[{"href":"https:\/\/kolleranna.hu\/index.php?rest_route=\/wp\/v2\/pages\/577","targetHints":{"allow":["GET"]}}],"collection":[{"href":"https:\/\/kolleranna.hu\/index.php?rest_route=\/wp\/v2\/pages"}],"about":[{"href":"https:\/\/kolleranna.hu\/index.php?rest_route=\/wp\/v2\/types\/page"}],"author":[{"embeddable":true,"href":"https:\/\/kolleranna.hu\/index.php?rest_route=\/wp\/v2\/users\/1"}],"replies":[{"embeddable":true,"href":"https:\/\/kolleranna.hu\/index.php?rest_route=%2Fwp%2Fv2%2Fcomments&post=577"}],"version-history":[{"count":2,"href":"https:\/\/kolleranna.hu\/index.php?rest_route=\/wp\/v2\/pages\/577\/revisions"}],"predecessor-version":[{"id":588,"href":"https:\/\/kolleranna.hu\/index.php?rest_route=\/wp\/v2\/pages\/577\/revisions\/588"}],"wp:attachment":[{"href":"https:\/\/kolleranna.hu\/index.php?rest_route=%2Fwp%2Fv2%2Fmedia&parent=577"}],"curies":[{"name":"wp","href":"https:\/\/api.w.org\/{rel}","templated":true}]}}